{"id":14498,"date":"2025-11-24T12:08:21","date_gmt":"2025-11-24T11:08:21","guid":{"rendered":"https:\/\/next-skills.com\/?page_id=14498"},"modified":"2025-11-24T12:39:49","modified_gmt":"2025-11-24T11:39:49","slug":"biographie","status":"publish","type":"page","link":"https:\/\/next-skills.com\/index.php\/biographie\/","title":{"rendered":"biographie"},"content":{"rendered":"\t\t<div data-elementor-type=\"wp-page\" data-elementor-id=\"14498\" class=\"elementor elementor-14498\">\n\t\t\t\t<div class=\"elementor-element elementor-element-8b95231 e-flex e-con-boxed e-con e-parent\" data-id=\"8b95231\" data-element_type=\"container\" data-settings=\"{&quot;background_background&quot;:&quot;classic&quot;}\">\n\t\t\t\t\t<div class=\"e-con-inner\">\n\t\t\t\t\t<\/div>\n\t\t\t\t<\/div>\n\t\t<div class=\"elementor-element elementor-element-8e9efb2 e-flex e-con-boxed e-con e-parent\" data-id=\"8e9efb2\" data-element_type=\"container\">\n\t\t\t\t\t<div class=\"e-con-inner\">\n\t\t<div class=\"elementor-element elementor-element-d07b7b0 e-con-full e-flex e-con e-child\" data-id=\"d07b7b0\" data-element_type=\"container\">\n\t\t\t\t<div class=\"elementor-element elementor-element-865163f elementor-widget elementor-widget-image\" data-id=\"865163f\" data-element_type=\"widget\" data-widget_type=\"image.default\">\n\t\t\t\t\t\t\t\t\t\t\t\t\t\t\t<img fetchpriority=\"high\" decoding=\"async\" width=\"640\" height=\"960\" src=\"https:\/\/next-skills.com\/wp-content\/uploads\/2025\/11\/Mme-Dosso-copie-683x1024.jpg\" class=\"attachment-large size-large wp-image-14483\" alt=\"\" srcset=\"https:\/\/next-skills.com\/wp-content\/uploads\/2025\/11\/Mme-Dosso-copie-683x1024.jpg 683w, https:\/\/next-skills.com\/wp-content\/uploads\/2025\/11\/Mme-Dosso-copie-200x300.jpg 200w, https:\/\/next-skills.com\/wp-content\/uploads\/2025\/11\/Mme-Dosso-copie-768x1152.jpg 768w, https:\/\/next-skills.com\/wp-content\/uploads\/2025\/11\/Mme-Dosso-copie-600x900.jpg 600w, https:\/\/next-skills.com\/wp-content\/uploads\/2025\/11\/Mme-Dosso-copie.jpg 832w\" sizes=\"(max-width: 640px) 100vw, 640px\" \/>\t\t\t\t\t\t\t\t\t\t\t\t\t\t\t<\/div>\n\t\t\t\t<div class=\"elementor-element elementor-element-1e40f8c elementor-widget elementor-widget-text-editor\" data-id=\"1e40f8c\" data-element_type=\"widget\" data-widget_type=\"text-editor.default\">\n\t\t\t\t\t\t\t\t\t<h4><strong>Madame Mariam DOSSO<\/strong><\/h4><p><em>Directrice G\u00e9n\u00e9rale<\/em><\/p>\t\t\t\t\t\t\t\t<\/div>\n\t\t\t\t<\/div>\n\t\t<div class=\"elementor-element elementor-element-29bef6e e-con-full e-flex e-con e-child\" data-id=\"29bef6e\" data-element_type=\"container\">\n\t\t\t\t<div class=\"elementor-element elementor-element-baecde9 elementor-widget elementor-widget-text-editor\" data-id=\"baecde9\" data-element_type=\"widget\" data-widget_type=\"text-editor.default\">\n\t\t\t\t\t\t\t\t\t<p>Mariam Dosso, ancienne Directrice G\u00e9n\u00e9rale Adjointe de Se Former Autrement, est coach certifi\u00e9e et experte en communication, leadership et d\u00e9veloppement organisationnel, avec plus de 20 ann\u00e9es d\u2019exp\u00e9rience au service des entreprises et des institutions. Sp\u00e9cialiste de la transformation manag\u00e9riale, de l\u2019ing\u00e9nierie p\u00e9dagogique et de l\u2019accompagnement des \u00e9quipes, elle intervient aupr\u00e8s d\u2019organisations publiques et priv\u00e9es pour renforcer la coh\u00e9sion, d\u00e9velopper les talents et am\u00e9liorer la performance collective. Son parcours professionnel l\u2019a conduite du conseil en communication \u00e0 la direction de projets strat\u00e9giques, en passant par la coordination op\u00e9rationnelle et la gestion commerciale.<\/p><p>Mariam Dosso a contribu\u00e9 \u00e0 des programmes majeurs de formation et de transformation pour des acteurs comme Orange, CEPICI, MTN, CFAO, SIB, BOA, Minist\u00e8re du Budget, DGPE, et bien d\u2019autres.<\/p><p>Elle a \u00e9galement pilot\u00e9 des \u00e9v\u00e9nements Corporate d\u2019envergure et dirig\u00e9 des projets de formation sur mesure dans un cabinet agr\u00e9\u00e9 FDFP. Coach certifi\u00e9e, form\u00e9e aux pratiques narratives et \u00e0 l\u2019intelligence \u00e9motionnelle, elle a coanim\u00e9 plus de 100 s\u00e9minaires d\u00e9di\u00e9s \u00e0 la prise de parole en public, au management, \u00e0 la coh\u00e9sion d\u2019\u00e9quipe et au d\u00e9veloppement personnel. Son approche repose sur des outils concrets, une \u00e9coute active, et une m\u00e9thodologie adapt\u00e9e aux besoins sp\u00e9cifiques des organisations.<\/p><p>Engag\u00e9e socialement, Mariam Dosso est par ailleurs pr\u00e9sidente fondatrice de l\u2019ONG Solid\u2019Action depuis 2013 et investie dans plusieurs initiatives communautaires. Passionn\u00e9e de photographie, d\u2019\u00e9v\u00e9nementiel et de d\u00e9couverte, elle incarne un leadership humain, structurant et profond\u00e9ment orient\u00e9 vers l\u2019impact.<\/p><p>Mariam Dosso, d\u00e9sormais Directrice G\u00e9n\u00e9rale de NEXT SKILLS, adresse un nouveau challenge au sein de ce Cabinet de formation professionnelle et de d\u00e9veloppement des comp\u00e9tences. \u00c0 ce poste strat\u00e9gique, elle mettra au service du cabinet sa vision claire, son exigence professionnelle et son expertise reconnue en transformation organisationnelle. Elle aura pour responsabilit\u00e9 de structurer le catalogue d\u2019offres, d\u2019impulser une dynamique de croissance, d\u2019\u00e9lever les standards de qualit\u00e9 et de positionner NEXT SKILLS comme un acteur majeur de la formation et du d\u00e9veloppement des talents en C\u00f4te d\u2019Ivoire et dans la sous-r\u00e9gion.<\/p>\t\t\t\t\t\t\t\t<\/div>\n\t\t\t\t<\/div>\n\t\t\t\t\t<\/div>\n\t\t\t\t<\/div>\n\t\t\t\t<\/div>\n\t\t","protected":false},"excerpt":{"rendered":"<p>Madame Mariam DOSSO Directrice G\u00e9n\u00e9rale Mariam Dosso, ancienne Directrice G\u00e9n\u00e9rale Adjointe de Se Former Autrement, est coach certifi\u00e9e et experte en communication, leadership et d\u00e9veloppement organisationnel, avec plus de 20 ann\u00e9es d\u2019exp\u00e9rience au service des entreprises et des institutions. Sp\u00e9cialiste [&hellip;]<\/p>\n","protected":false},"author":1,"featured_media":0,"parent":0,"menu_order":0,"comment_status":"closed","ping_status":"closed","template":"elementor_header_footer","meta":{"footnotes":""},"class_list":["post-14498","page","type-page","status-publish","hentry"],"_links":{"self":[{"href":"https:\/\/next-skills.com\/index.php\/wp-json\/wp\/v2\/pages\/14498","targetHints":{"allow":["GET"]}}],"collection":[{"href":"https:\/\/next-skills.com\/index.php\/wp-json\/wp\/v2\/pages"}],"about":[{"href":"https:\/\/next-skills.com\/index.php\/wp-json\/wp\/v2\/types\/page"}],"author":[{"embeddable":true,"href":"https:\/\/next-skills.com\/index.php\/wp-json\/wp\/v2\/users\/1"}],"replies":[{"embeddable":true,"href":"https:\/\/next-skills.com\/index.php\/wp-json\/wp\/v2\/comments?post=14498"}],"version-history":[{"count":11,"href":"https:\/\/next-skills.com\/index.php\/wp-json\/wp\/v2\/pages\/14498\/revisions"}],"predecessor-version":[{"id":14514,"href":"https:\/\/next-skills.com\/index.php\/wp-json\/wp\/v2\/pages\/14498\/revisions\/14514"}],"wp:attachment":[{"href":"https:\/\/next-skills.com\/index.php\/wp-json\/wp\/v2\/media?parent=14498"}],"curies":[{"name":"wp","href":"https:\/\/api.w.org\/{rel}","templated":true}]}}