{"id":13590,"date":"2025-10-13T14:05:45","date_gmt":"2025-10-13T12:05:45","guid":{"rendered":"https:\/\/next-skills.com\/?page_id=13590"},"modified":"2025-10-22T11:28:16","modified_gmt":"2025-10-22T09:28:16","slug":"diagnostic-strategique-plans-de-developpement-personnalises","status":"publish","type":"page","link":"https:\/\/next-skills.com\/index.php\/diagnostic-strategique-plans-de-developpement-personnalises\/","title":{"rendered":"Diagnostic strat\u00e9gique &#038; plans de d\u00e9veloppement personnalis\u00e9s"},"content":{"rendered":"\t\t<div data-elementor-type=\"wp-page\" data-elementor-id=\"13590\" class=\"elementor elementor-13590\">\n\t\t\t\t<div class=\"elementor-element elementor-element-8b95231 e-flex e-con-boxed e-con e-parent\" data-id=\"8b95231\" data-element_type=\"container\" data-settings=\"{&quot;background_background&quot;:&quot;classic&quot;}\">\n\t\t\t\t\t<div class=\"e-con-inner\">\n\t\t\t\t<div class=\"elementor-element elementor-element-c89ca26 elementor-widget elementor-widget-heading\" data-id=\"c89ca26\" data-element_type=\"widget\" data-widget_type=\"heading.default\">\n\t\t\t\t\t<h2 class=\"elementor-heading-title elementor-size-default\">Diagnostic strat\u00e9gique &amp; plans de d\u00e9veloppement personnalis\u00e9s<\/h2>\t\t\t\t<\/div>\n\t\t\t\t\t<\/div>\n\t\t\t\t<\/div>\n\t\t<div class=\"elementor-element elementor-element-74ac242 e-flex e-con-boxed e-con e-parent\" data-id=\"74ac242\" data-element_type=\"container\" data-settings=\"{&quot;background_background&quot;:&quot;classic&quot;}\">\n\t\t\t\t\t<div class=\"e-con-inner\">\n\t\t<div class=\"elementor-element elementor-element-ca006ab e-flex e-con-boxed e-con e-child\" data-id=\"ca006ab\" data-element_type=\"container\">\n\t\t\t\t\t<div class=\"e-con-inner\">\n\t\t<div class=\"elementor-element elementor-element-610dddb e-con-full animated-slow e-flex elementor-invisible e-con e-child\" data-id=\"610dddb\" data-element_type=\"container\" data-settings=\"{&quot;animation&quot;:&quot;ekit--slide-right&quot;}\">\n\t\t\t\t<div class=\"elementor-element elementor-element-d1286be eael-simple-menu-hamburger-align-left eael_simple_menu_hamburger_disable_selected_menu_no eael-hamburger--tablet elementor-widget elementor-widget-eael-simple-menu\" data-id=\"d1286be\" data-element_type=\"widget\" data-widget_type=\"eael-simple-menu.default\">\n\t\t\t\t\t<style>\n                        @media screen and (max-width: 1024px) {\n                            .eael-hamburger--tablet {\n                                .eael-simple-menu-horizontal,\n                                .eael-simple-menu-vertical {\n                                    display: none;\n                                }\n                            }\n                            .eael-hamburger--tablet {\n                                .eael-simple-menu-container .eael-simple-menu-toggle {\n                                    display: block;\n                                }\n                            }\n                        }\n                    <\/style>            <div data-hamburger-icon=\"&lt;i aria-hidden=&quot;true&quot; class=&quot;fas fa-bars&quot;&gt;&lt;\/i&gt;\" data-indicator-icon=\"&lt;i aria-hidden=&quot;true&quot; class=&quot;fas fa-angle-down&quot;&gt;&lt;\/i&gt;\" data-dropdown-indicator-icon=\"&lt;i class=&quot;fas fa-angle-down&quot;&gt;&lt;\/i&gt;\" class=\"eael-simple-menu-container eael-simple-menu-align-left eael-simple-menu-dropdown-align-left preset-1\" data-hamburger-breakpoints=\"{&quot;mobile&quot;:&quot;Portrait mobile (&gt; 767px)&quot;,&quot;mobile_extra&quot;:&quot;Mobile Paysage (&gt; 880px)&quot;,&quot;tablet&quot;:&quot;Tablette en mode portrait (&gt; 1024px)&quot;,&quot;desktop&quot;:&quot;Desktop (&gt; 2400px)&quot;,&quot;none&quot;:&quot;None&quot;}\" data-hamburger-device=\"tablet\">\n                <ul id=\"menu-competence\" class=\"eael-simple-menu eael-simple-menu-dropdown-animate-to-top eael-simple-menu-indicator eael-simple-menu-vertical\"><li id=\"menu-item-13844\" class=\"menu-item menu-item-type-post_type menu-item-object-page menu-item-13844\"><a href=\"https:\/\/next-skills.com\/index.php\/diagnostic-strategique-plans-de-developpement-personnalises\/\">Diagnostic strat\u00e9gique &#038; plans de d\u00e9veloppement personnalis\u00e9s<\/a><\/li>\n<li id=\"menu-item-13845\" class=\"menu-item menu-item-type-post_type menu-item-object-page menu-item-13845\"><a href=\"https:\/\/next-skills.com\/index.php\/accompagnement-operationnel-coaching-cible\/\">Accompagnement op\u00e9rationnel &#038; coaching cibl\u00e9<\/a><\/li>\n<li id=\"menu-item-13843\" class=\"menu-item menu-item-type-post_type menu-item-object-page menu-item-13843\"><a href=\"https:\/\/next-skills.com\/index.php\/reconnaissance-digitalisation-valorisation-des-competences\/\">Reconnaissance, digitalisation &#038; valorisation des comp\u00e9tences<\/a><\/li>\n<\/ul>                <button class=\"eael-simple-menu-toggle\">\n                    <span class=\"sr-only \">Hamburger Toggle Menu<\/span>\n                    <i aria-hidden=\"true\" class=\"fas fa-bars\"><\/i>                <\/button>\n            <\/div>\n            \t\t\t\t<\/div>\n\t\t\t\t<\/div>\n\t\t<div class=\"elementor-element elementor-element-e8387ea e-con-full animated-slow e-flex elementor-invisible e-con e-child\" data-id=\"e8387ea\" data-element_type=\"container\" data-settings=\"{&quot;animation&quot;:&quot;ekit--slide-left&quot;}\">\n\t\t\t\t<div class=\"elementor-element elementor-element-033f3ea elementor-widget elementor-widget-thim-ekits-heading\" data-id=\"033f3ea\" data-element_type=\"widget\" data-widget_type=\"thim-ekits-heading.default\">\n\t\t\t\t<div class=\"elementor-widget-container\">\n\t\t\t\t\t<div class=\"thim-ekits-heading thim-ekit__heading\">\t\t\t<div class='desc'>\n\t\t\t\t<p>NEXT SKILLS accompagne les organisations dans l\u2019identification pr\u00e9cise de leurs besoins de comp\u00e9tences en lien avec leur strat\u00e9gie, leur transformation digitale, leur gouvernance, ou leur engagement RSE.<br \/>Notre approche est orient\u00e9e sur la cr\u00e9ation de valeur et l\u2019adaptation au changement.<\/p><p><strong>\u00c9tapes cl\u00e9s :<\/strong><\/p>\t\t\t<\/div>\n\t\t<\/div>\t\t\t\t<\/div>\n\t\t\t\t<\/div>\n\t\t\t\t<div class=\"elementor-element elementor-element-44ec638 elementor-widget elementor-widget-n-accordion\" data-id=\"44ec638\" data-element_type=\"widget\" data-settings=\"{&quot;default_state&quot;:&quot;all_collapsed&quot;,&quot;max_items_expended&quot;:&quot;one&quot;,&quot;n_accordion_animation_duration&quot;:{&quot;unit&quot;:&quot;ms&quot;,&quot;size&quot;:400,&quot;sizes&quot;:[]}}\" data-widget_type=\"nested-accordion.default\">\n\t\t\t\t\t\t\t<div class=\"e-n-accordion\" aria-label=\"Accordion. Open links with Enter or Space, close with Escape, and navigate with Arrow Keys\">\n\t\t\t\t\t\t<details id=\"e-n-accordion-item-7220\" class=\"e-n-accordion-item\" >\n\t\t\t\t<summary class=\"e-n-accordion-item-title\" data-accordion-index=\"1\" tabindex=\"0\" aria-expanded=\"false\" aria-controls=\"e-n-accordion-item-7220\" >\n\t\t\t\t\t<span class='e-n-accordion-item-title-header'><div class=\"e-n-accordion-item-title-text\"> 1. Analyse strat\u00e9gique des besoins <\/div><\/span>\n\t\t\t\t\t\t\t<span class='e-n-accordion-item-title-icon'>\n\t\t\t<span class='e-opened' ><i aria-hidden=\"true\" class=\"fas fa-minus\"><\/i><\/span>\n\t\t\t<span class='e-closed'><i aria-hidden=\"true\" class=\"fas fa-plus\"><\/i><\/span>\n\t\t<\/span>\n\n\t\t\t\t\t\t<\/summary>\n\t\t\t\t<div role=\"region\" aria-labelledby=\"e-n-accordion-item-7220\" class=\"elementor-element elementor-element-6687f75 e-con-full e-flex e-con e-child\" data-id=\"6687f75\" data-element_type=\"container\">\n\t\t<div role=\"region\" aria-labelledby=\"e-n-accordion-item-7220\" class=\"elementor-element elementor-element-d3e043e e-flex e-con-boxed e-con e-child\" data-id=\"d3e043e\" data-element_type=\"container\">\n\t\t\t\t\t<div class=\"e-con-inner\">\n\t\t\t\t<div class=\"elementor-element elementor-element-d22f5ac elementor-widget elementor-widget-text-editor\" data-id=\"d22f5ac\" data-element_type=\"widget\" data-widget_type=\"text-editor.default\">\n\t\t\t\t\t\t\t\t\t<p>\u2022 \u00c9valuation des enjeux sectoriels, technologiques, RH, r\u00e9glementaires et culturels<br \/>\u2022 Entretiens avec les d\u00e9cideurs, RH, \u00e9quipes op\u00e9rationnelles pour prioriser les axes de d\u00e9veloppement<br \/>\u2022 Audit des dispositifs existants : plans de formation, outils RH, culture d\u2019apprentissage<\/p>\t\t\t\t\t\t\t\t<\/div>\n\t\t\t\t\t<\/div>\n\t\t\t\t<\/div>\n\t\t\t\t<\/div>\n\t\t\t\t\t<\/details>\n\t\t\t\t\t\t<details id=\"e-n-accordion-item-7221\" class=\"e-n-accordion-item\" >\n\t\t\t\t<summary class=\"e-n-accordion-item-title\" data-accordion-index=\"2\" tabindex=\"-1\" aria-expanded=\"false\" aria-controls=\"e-n-accordion-item-7221\" >\n\t\t\t\t\t<span class='e-n-accordion-item-title-header'><div class=\"e-n-accordion-item-title-text\"> 2. Cartographie strat\u00e9gique des comp\u00e9tences <\/div><\/span>\n\t\t\t\t\t\t\t<span class='e-n-accordion-item-title-icon'>\n\t\t\t<span class='e-opened' ><i aria-hidden=\"true\" class=\"fas fa-minus\"><\/i><\/span>\n\t\t\t<span class='e-closed'><i aria-hidden=\"true\" class=\"fas fa-plus\"><\/i><\/span>\n\t\t<\/span>\n\n\t\t\t\t\t\t<\/summary>\n\t\t\t\t<div role=\"region\" aria-labelledby=\"e-n-accordion-item-7221\" class=\"elementor-element elementor-element-f7567fe e-flex e-con-boxed e-con e-child\" data-id=\"f7567fe\" data-element_type=\"container\">\n\t\t\t\t\t<div class=\"e-con-inner\">\n\t\t<div role=\"region\" aria-labelledby=\"e-n-accordion-item-7221\" class=\"elementor-element elementor-element-228f420 e-con-full e-flex e-con e-child\" data-id=\"228f420\" data-element_type=\"container\">\n\t\t\t\t<div class=\"elementor-element elementor-element-73db2d4 elementor-widget elementor-widget-text-editor\" data-id=\"73db2d4\" data-element_type=\"widget\" data-widget_type=\"text-editor.default\">\n\t\t\t\t\t\t\t\t\t<p>\u2022 Identification des comp\u00e9tences critiques selon les 4 domaines cl\u00e9s<br \/>\u2022 Analyse des \u00e9carts entre les comp\u00e9tences disponibles et les cibles \u00e0 court \/ moyen terme<br \/>\u2022 \u00c9laboration de r\u00e9f\u00e9rentiels m\u00e9tiers dynamiques<\/p>\t\t\t\t\t\t\t\t<\/div>\n\t\t\t\t<\/div>\n\t\t\t\t\t<\/div>\n\t\t\t\t<\/div>\n\t\t\t\t\t<\/details>\n\t\t\t\t\t\t<details id=\"e-n-accordion-item-7222\" class=\"e-n-accordion-item\" >\n\t\t\t\t<summary class=\"e-n-accordion-item-title\" data-accordion-index=\"3\" tabindex=\"-1\" aria-expanded=\"false\" aria-controls=\"e-n-accordion-item-7222\" >\n\t\t\t\t\t<span class='e-n-accordion-item-title-header'><div class=\"e-n-accordion-item-title-text\"> 3. Plans de d\u00e9veloppement personnalis\u00e9s <\/div><\/span>\n\t\t\t\t\t\t\t<span class='e-n-accordion-item-title-icon'>\n\t\t\t<span class='e-opened' ><i aria-hidden=\"true\" class=\"fas fa-minus\"><\/i><\/span>\n\t\t\t<span class='e-closed'><i aria-hidden=\"true\" class=\"fas fa-plus\"><\/i><\/span>\n\t\t<\/span>\n\n\t\t\t\t\t\t<\/summary>\n\t\t\t\t<div role=\"region\" aria-labelledby=\"e-n-accordion-item-7222\" class=\"elementor-element elementor-element-2b4690f e-flex e-con-boxed e-con e-child\" data-id=\"2b4690f\" data-element_type=\"container\">\n\t\t\t\t\t<div class=\"e-con-inner\">\n\t\t\t\t<div class=\"elementor-element elementor-element-6521475 elementor-widget elementor-widget-text-editor\" data-id=\"6521475\" data-element_type=\"widget\" data-widget_type=\"text-editor.default\">\n\t\t\t\t\t\t\t\t\t<p>\u2022 Construction de parcours diff\u00e9renci\u00e9s (dirigeants, managers, experts, fonctions support, etc.)<br \/>\u2022 Int\u00e9gration de modalit\u00e9s vari\u00e9es : formation, mentorat, coaching, e-learning, AFEST\u2026<br \/>\u2022 Alignement strat\u00e9gique avec la vision de l\u2019organisation, en lien avec la transformation num\u00e9rique, la performance durable ou la modernisation manag\u00e9riale<\/p>\t\t\t\t\t\t\t\t<\/div>\n\t\t\t\t\t<\/div>\n\t\t\t\t<\/div>\n\t\t\t\t\t<\/details>\n\t\t\t\t\t\t<details id=\"e-n-accordion-item-7223\" class=\"e-n-accordion-item\" >\n\t\t\t\t<summary class=\"e-n-accordion-item-title\" data-accordion-index=\"4\" tabindex=\"-1\" aria-expanded=\"false\" aria-controls=\"e-n-accordion-item-7223\" >\n\t\t\t\t\t<span class='e-n-accordion-item-title-header'><div class=\"e-n-accordion-item-title-text\"> 4. Livrables op\u00e9rationnels <\/div><\/span>\n\t\t\t\t\t\t\t<span class='e-n-accordion-item-title-icon'>\n\t\t\t<span class='e-opened' ><i aria-hidden=\"true\" class=\"fas fa-minus\"><\/i><\/span>\n\t\t\t<span class='e-closed'><i aria-hidden=\"true\" class=\"fas fa-plus\"><\/i><\/span>\n\t\t<\/span>\n\n\t\t\t\t\t\t<\/summary>\n\t\t\t\t<div role=\"region\" aria-labelledby=\"e-n-accordion-item-7223\" class=\"elementor-element elementor-element-583880d e-flex e-con-boxed e-con e-child\" data-id=\"583880d\" data-element_type=\"container\">\n\t\t\t\t\t<div class=\"e-con-inner\">\n\t\t\t\t<div class=\"elementor-element elementor-element-cceabde elementor-widget elementor-widget-text-editor\" data-id=\"cceabde\" data-element_type=\"widget\" data-widget_type=\"text-editor.default\">\n\t\t\t\t\t\t\t\t\t<p>\u2022 Rapport de diagnostic strat\u00e9gique<br \/>\u2022 Cartographies des comp\u00e9tences critiques par domaine<br \/>\u2022 Feuilles de route de d\u00e9veloppement des comp\u00e9tences<br \/>\u2022 Indicateurs de pilotage et estimation budg\u00e9taire<\/p>\t\t\t\t\t\t\t\t<\/div>\n\t\t\t\t\t<\/div>\n\t\t\t\t<\/div>\n\t\t\t\t\t<\/details>\n\t\t\t\t\t<\/div>\n\t\t\t\t\t\t<\/div>\n\t\t\t\t<\/div>\n\t\t\t\t\t<\/div>\n\t\t\t\t<\/div>\n\t\t\t\t\t<\/div>\n\t\t\t\t<\/div>\n\t\t\t\t<section class=\"elementor-section elementor-top-section elementor-element elementor-element-f9502c7 elementor-section-stretched elementor-section-boxed elementor-section-height-default elementor-section-height-default\" data-id=\"f9502c7\" data-element_type=\"section\" data-settings=\"{&quot;stretch_section&quot;:&quot;section-stretched&quot;,&quot;background_background&quot;:&quot;classic&quot;}\">\n\t\t\t\t\t\t\t<div class=\"elementor-background-overlay\"><\/div>\n\t\t\t\t\t\t\t<div class=\"elementor-container elementor-column-gap-custom\">\n\t\t\t\t\t<div class=\"elementor-column elementor-col-100 elementor-top-column elementor-element elementor-element-9c3994e\" data-id=\"9c3994e\" data-element_type=\"column\">\n\t\t\t<div class=\"elementor-widget-wrap elementor-element-populated\">\n\t\t\t\t\t\t<div class=\"elementor-element elementor-element-0a839ad animated-slow elementor-invisible elementor-widget elementor-widget-thim-ekits-button\" data-id=\"0a839ad\" data-element_type=\"widget\" data-settings=\"{&quot;_animation&quot;:&quot;slideInUp&quot;}\" data-widget_type=\"thim-ekits-button.default\">\n\t\t\t\t<div class=\"elementor-widget-container\">\n\t\t\t\t\t\n\t\t<div class=\"thim-ekits-button\">\n\t\t\t<a href=\"https:\/\/next-skills.com\/index.php\/contact\/#form\" role=\"button\">\n\t\t\t\t<span class=\"button-content-wrapper\">\n\t\t\t\t\tS&#039;inscrire\t\t\t\t<\/span>\n\t\t\t<\/a>\n\t\t<\/div>\n\n\t\t\t\t\t\t<\/div>\n\t\t\t\t<\/div>\n\t\t\t\t\t<\/div>\n\t\t<\/div>\n\t\t\t\t\t<\/div>\n\t\t<\/section>\n\t\t\t\t<\/div>\n\t\t","protected":false},"excerpt":{"rendered":"<p>Diagnostic strat\u00e9gique &amp; plans de d\u00e9veloppement personnalis\u00e9s Diagnostic strat\u00e9gique &#038; plans de d\u00e9veloppement personnalis\u00e9s Accompagnement op\u00e9rationnel &#038; coaching cibl\u00e9 Reconnaissance, digitalisation &#038; valorisation des comp\u00e9tences Hamburger Toggle Menu NEXT SKILLS accompagne les organisations dans l\u2019identification pr\u00e9cise de leurs besoins de [&hellip;]<\/p>\n","protected":false},"author":1,"featured_media":0,"parent":0,"menu_order":0,"comment_status":"closed","ping_status":"closed","template":"elementor_header_footer","meta":{"footnotes":""},"class_list":["post-13590","page","type-page","status-publish","hentry"],"_links":{"self":[{"href":"https:\/\/next-skills.com\/index.php\/wp-json\/wp\/v2\/pages\/13590","targetHints":{"allow":["GET"]}}],"collection":[{"href":"https:\/\/next-skills.com\/index.php\/wp-json\/wp\/v2\/pages"}],"about":[{"href":"https:\/\/next-skills.com\/index.php\/wp-json\/wp\/v2\/types\/page"}],"author":[{"embeddable":true,"href":"https:\/\/next-skills.com\/index.php\/wp-json\/wp\/v2\/users\/1"}],"replies":[{"embeddable":true,"href":"https:\/\/next-skills.com\/index.php\/wp-json\/wp\/v2\/comments?post=13590"}],"version-history":[{"count":52,"href":"https:\/\/next-skills.com\/index.php\/wp-json\/wp\/v2\/pages\/13590\/revisions"}],"predecessor-version":[{"id":14344,"href":"https:\/\/next-skills.com\/index.php\/wp-json\/wp\/v2\/pages\/13590\/revisions\/14344"}],"wp:attachment":[{"href":"https:\/\/next-skills.com\/index.php\/wp-json\/wp\/v2\/media?parent=13590"}],"curies":[{"name":"wp","href":"https:\/\/api.w.org\/{rel}","templated":true}]}}