{"id":13563,"date":"2025-10-13T13:32:49","date_gmt":"2025-10-13T11:32:49","guid":{"rendered":"https:\/\/next-skills.com\/?page_id=13563"},"modified":"2025-10-22T11:21:47","modified_gmt":"2025-10-22T09:21:47","slug":"politique-generale-strategie-dentreprise","status":"publish","type":"page","link":"https:\/\/next-skills.com\/index.php\/politique-generale-strategie-dentreprise\/","title":{"rendered":"Politique G\u00e9n\u00e9rale &#038; Strat\u00e9gie d\u2019Entreprise"},"content":{"rendered":"\t\t<div data-elementor-type=\"wp-page\" data-elementor-id=\"13563\" class=\"elementor elementor-13563\">\n\t\t\t\t<div class=\"elementor-element elementor-element-8b95231 e-flex e-con-boxed e-con e-parent\" data-id=\"8b95231\" data-element_type=\"container\" data-settings=\"{&quot;background_background&quot;:&quot;classic&quot;}\">\n\t\t\t\t\t<div class=\"e-con-inner\">\n\t\t\t\t<div class=\"elementor-element elementor-element-c89ca26 elementor-widget elementor-widget-heading\" data-id=\"c89ca26\" data-element_type=\"widget\" data-widget_type=\"heading.default\">\n\t\t\t\t\t<h2 class=\"elementor-heading-title elementor-size-default\">Politique G\u00e9n\u00e9rale &amp; Strat\u00e9gie d\u2019Entreprise<\/h2>\t\t\t\t<\/div>\n\t\t\t\t\t<\/div>\n\t\t\t\t<\/div>\n\t\t\t\t<section class=\"elementor-section elementor-top-section elementor-element elementor-element-93bc073 elementor-section-full_width elementor-section-height-default elementor-section-height-default\" data-id=\"93bc073\" data-element_type=\"section\" data-settings=\"{&quot;background_background&quot;:&quot;classic&quot;}\">\n\t\t\t\t\t\t\t<div class=\"elementor-background-overlay\"><\/div>\n\t\t\t\t\t\t\t<div class=\"elementor-container elementor-column-gap-custom\">\n\t\t\t\t\t<div class=\"elementor-column elementor-col-50 elementor-top-column elementor-element elementor-element-ca19451\" data-id=\"ca19451\" data-element_type=\"column\">\n\t\t\t<div class=\"elementor-widget-wrap elementor-element-populated\">\n\t\t\t\t\t\t<div class=\"elementor-element elementor-element-cd8cb72 eael_simple_menu_hamburger_disable_selected_menu_no eael-simple-menu-hamburger-align-right eael-hamburger--tablet elementor-widget elementor-widget-eael-simple-menu\" data-id=\"cd8cb72\" data-element_type=\"widget\" data-widget_type=\"eael-simple-menu.default\">\n\t\t\t\t\t<style>\n                        @media screen and (max-width: 1024px) {\n                            .eael-hamburger--tablet {\n                                .eael-simple-menu-horizontal,\n                                .eael-simple-menu-vertical {\n                                    display: none;\n                                }\n                            }\n                            .eael-hamburger--tablet {\n                                .eael-simple-menu-container .eael-simple-menu-toggle {\n                                    display: block;\n                                }\n                            }\n                        }\n                    <\/style>            <div data-hamburger-icon=\"&lt;i aria-hidden=&quot;true&quot; class=&quot;fas fa-bars&quot;&gt;&lt;\/i&gt;\" data-indicator-icon=\"&lt;i aria-hidden=&quot;true&quot; class=&quot;fas fa-angle-down&quot;&gt;&lt;\/i&gt;\" data-dropdown-indicator-icon=\"&lt;i class=&quot;fas fa-angle-down&quot;&gt;&lt;\/i&gt;\" class=\"eael-simple-menu-container eael-simple-menu-align-left eael-simple-menu-dropdown-align-left preset-1\" data-hamburger-breakpoints=\"{&quot;mobile&quot;:&quot;Portrait mobile (&gt; 767px)&quot;,&quot;mobile_extra&quot;:&quot;Mobile Paysage (&gt; 880px)&quot;,&quot;tablet&quot;:&quot;Tablette en mode portrait (&gt; 1024px)&quot;,&quot;desktop&quot;:&quot;Desktop (&gt; 2400px)&quot;,&quot;none&quot;:&quot;None&quot;}\" data-hamburger-device=\"tablet\">\n                <ul id=\"menu-formations\" class=\"eael-simple-menu eael-simple-menu-dropdown-animate-to-top eael-simple-menu-indicator eael-simple-menu-vertical\"><li id=\"menu-item-13842\" class=\"menu-item menu-item-type-post_type menu-item-object-page menu-item-13842\"><a href=\"https:\/\/next-skills.com\/index.php\/digital-intelligence-artificielle\/\">Digital &#038; Intelligence Artificielle<\/a><\/li>\n<li id=\"menu-item-13841\" class=\"menu-item menu-item-type-post_type menu-item-object-page menu-item-13841\"><a href=\"https:\/\/next-skills.com\/index.php\/rse-lutte-contre-la-corruption-lcb-ft\/\">RSE &#038; Lutte contre la Corruption (LCB-FT)<\/a><\/li>\n<li id=\"menu-item-13840\" class=\"menu-item menu-item-type-post_type menu-item-object-page menu-item-13840\"><a href=\"https:\/\/next-skills.com\/index.php\/management-ressources-humaines\/\">Management &#038; Ressources Humaines<\/a><\/li>\n<li id=\"menu-item-13839\" class=\"menu-item menu-item-type-post_type menu-item-object-page menu-item-13839\"><a href=\"https:\/\/next-skills.com\/index.php\/politique-generale-strategie-dentreprise\/\">Politique G\u00e9n\u00e9rale &#038; Strat\u00e9gie d\u2019Entreprise<\/a><\/li>\n<\/ul>                <button class=\"eael-simple-menu-toggle\">\n                    <span class=\"sr-only \">Hamburger Toggle Menu<\/span>\n                    <i aria-hidden=\"true\" class=\"fas fa-bars\"><\/i>                <\/button>\n            <\/div>\n            \t\t\t\t<\/div>\n\t\t\t\t\t<\/div>\n\t\t<\/div>\n\t\t\t\t<div class=\"elementor-column elementor-col-50 elementor-top-column elementor-element elementor-element-0b6ddc1\" data-id=\"0b6ddc1\" data-element_type=\"column\">\n\t\t\t<div class=\"elementor-widget-wrap elementor-element-populated\">\n\t\t\t\t<div class=\"elementor-element elementor-element-43f1170 e-con-full e-flex e-con e-parent\" data-id=\"43f1170\" data-element_type=\"container\">\n\t\t<div class=\"elementor-element elementor-element-7f35ac6 e-con-full e-flex e-con e-child\" data-id=\"7f35ac6\" data-element_type=\"container\">\n\t\t\t\t<div class=\"elementor-element elementor-element-5e060ac elementor-widget elementor-widget-thim-ekits-heading\" data-id=\"5e060ac\" data-element_type=\"widget\" data-widget_type=\"thim-ekits-heading.default\">\n\t\t\t\t<div class=\"elementor-widget-container\">\n\t\t\t\t\t<div class=\"thim-ekits-heading thim-ekit__heading\">\t\t\t<div class='desc'>\n\t\t\t\t<p><strong>Objectif<\/strong> : Outiller les dirigeants et d\u00e9cideurs pour structurer une vision claire, piloter l\u2019action et anticiper les \u00e9volutions.<\/p>\t\t\t<\/div>\n\t\t<\/div>\t\t\t\t<\/div>\n\t\t\t\t<\/div>\n\t\t\t\t<\/div>\n\t\t\t\t<\/div>\n\t\t<div class=\"elementor-element elementor-element-7134d2a e-con-full e-flex e-con e-parent\" data-id=\"7134d2a\" data-element_type=\"container\">\n\t\t\t\t<div class=\"elementor-element elementor-element-7309b2f elementor-widget elementor-widget-thim-ekits-heading\" data-id=\"7309b2f\" data-element_type=\"widget\" data-widget_type=\"thim-ekits-heading.default\">\n\t\t\t\t<div class=\"elementor-widget-container\">\n\t\t\t\t\t<div class=\"thim-ekits-heading thim-ekit__heading\"><h2 class=\"title\">Nos Modules<\/h2><\/div>\t\t\t\t<\/div>\n\t\t\t\t<\/div>\n\t\t\t\t<\/div>\n\t\t<div class=\"elementor-element elementor-element-182515e e-con-full e-flex e-con e-parent\" data-id=\"182515e\" data-element_type=\"container\">\n\t\t<div class=\"elementor-element elementor-element-bff6647 e-con-full e-flex e-con e-child\" data-id=\"bff6647\" data-element_type=\"container\">\n\t\t<div class=\"elementor-element elementor-element-0c300bf e-con-full e-flex e-con e-child\" data-id=\"0c300bf\" data-element_type=\"container\">\n\t\t<div class=\"elementor-element elementor-element-a9c8f43 e-con-full e-flex e-con e-child\" data-id=\"a9c8f43\" data-element_type=\"container\">\n\t\t<div class=\"elementor-element elementor-element-37e219b e-con-full e-flex e-con e-child\" data-id=\"37e219b\" data-element_type=\"container\">\n\t\t\t\t<div class=\"elementor-element elementor-element-fbee7ae eael-flipbox-content-align-left elementor-widget elementor-widget-eael-flip-box\" data-id=\"fbee7ae\" data-element_type=\"widget\" data-widget_type=\"eael-flip-box.default\">\n\t\t\t\t\t        <div class=\"eael-elements-flip-box-container eael-animate-flip eael-animate-zoom-in eael-content eael-flip-box-hover eael-flipbox-fixed-height eael-flipbox-dynamic\">\n\n            <div class=\"eael-elements-flip-box-flip-card\">\n                <div class=\"eael-elements-flip-box-front-container\">\n                    \n                    \n                        <div class=\"eael-elements-slider-display-table\">\n                            <div class=\"eael-elements-flip-box-vertical-align\">\n                                <div class=\"eael-elements-flip-box-padding\">\n                                    <div class=\"eael-elements-flip-box-icon-image\">\n                                                                            <\/div>\n                                    <h2 class=\"eael-elements-flip-box-heading\">Construire un plan strat\u00e9gique sur 3 \u00e0 5 ans<br><br><\/h2>                                    <div class=\"eael-elements-flip-box-content\">\n\t                                                                        <\/div>\n                                <\/div>\n                            <\/div>\n                        <\/div>\n                                    <\/div>\n\n                <div class=\"eael-elements-flip-box-rear-container\">\n                                                                <div class=\"eael-elements-slider-display-table\">\n                            <div class=\"eael-elements-flip-box-vertical-align\">\n                                <div class=\"eael-elements-flip-box-padding\">\n                                                                            <div class=\"eael-elements-flip-box-icon-image\">\n                                                                                            <\/div>\n                                                                                                            <div class=\"eael-elements-flip-box-content\">\n                                        <p>Formalisez une vision forte et transformez-la en plan d\u2019action op\u00e9rationnel<\/p>                                    <\/div>\n\n                                                                            <a class=\"flipbox-button\" href=\"#\">\n                                                                                        Voir plus                                                                                            <\/a>\n                                                                    <\/div>\n                            <\/div>\n                        <\/div>\n                                    <\/div>\n            <\/div>\n        <\/div>\n        \t\t\t\t<\/div>\n\t\t\t\t<\/div>\n\t\t<div class=\"elementor-element elementor-element-2629edd e-flex e-con-boxed e-con e-child\" data-id=\"2629edd\" data-element_type=\"container\">\n\t\t\t\t\t<div class=\"e-con-inner\">\n\t\t\t\t<div class=\"elementor-element elementor-element-e1b5967 eael-flipbox-content-align-left elementor-widget elementor-widget-eael-flip-box\" data-id=\"e1b5967\" data-element_type=\"widget\" data-widget_type=\"eael-flip-box.default\">\n\t\t\t\t\t        <div class=\"eael-elements-flip-box-container eael-animate-flip eael-animate-zoom-in eael-content eael-flip-box-hover eael-flipbox-fixed-height eael-flipbox-dynamic\">\n\n            <div class=\"eael-elements-flip-box-flip-card\">\n                <div class=\"eael-elements-flip-box-front-container\">\n                    \n                    \n                        <div class=\"eael-elements-slider-display-table\">\n                            <div class=\"eael-elements-flip-box-vertical-align\">\n                                <div class=\"eael-elements-flip-box-padding\">\n                                    <div class=\"eael-elements-flip-box-icon-image\">\n                                                                            <\/div>\n                                    <h2 class=\"eael-elements-flip-box-heading\">Gouvernance et management des risques<br><br><\/h2>                                    <div class=\"eael-elements-flip-box-content\">\n\t                                                                        <\/div>\n                                <\/div>\n                            <\/div>\n                        <\/div>\n                                    <\/div>\n\n                <div class=\"eael-elements-flip-box-rear-container\">\n                                                                <div class=\"eael-elements-slider-display-table\">\n                            <div class=\"eael-elements-flip-box-vertical-align\">\n                                <div class=\"eael-elements-flip-box-padding\">\n                                                                            <div class=\"eael-elements-flip-box-icon-image\">\n                                                                                            <\/div>\n                                                                                                            <div class=\"eael-elements-flip-box-content\">\n                                        <p>Renforcez la gouvernance de votre organisation pour plus de transparence et de r\u00e9silience<\/p>                                    <\/div>\n\n                                                                            <a class=\"flipbox-button\" href=\"#\">\n                                                                                        Voir plus                                                                                            <\/a>\n                                                                    <\/div>\n                            <\/div>\n                        <\/div>\n                                    <\/div>\n            <\/div>\n        <\/div>\n        \t\t\t\t<\/div>\n\t\t\t\t\t<\/div>\n\t\t\t\t<\/div>\n\t\t<div class=\"elementor-element elementor-element-5af1bb3 e-flex e-con-boxed e-con e-child\" data-id=\"5af1bb3\" data-element_type=\"container\">\n\t\t\t\t\t<div class=\"e-con-inner\">\n\t\t\t\t<div class=\"elementor-element elementor-element-c2d4b6f eael-flipbox-content-align-left elementor-widget elementor-widget-eael-flip-box\" data-id=\"c2d4b6f\" data-element_type=\"widget\" data-widget_type=\"eael-flip-box.default\">\n\t\t\t\t\t        <div class=\"eael-elements-flip-box-container eael-animate-flip eael-animate-zoom-in eael-content eael-flip-box-hover eael-flipbox-fixed-height eael-flipbox-dynamic\">\n\n            <div class=\"eael-elements-flip-box-flip-card\">\n                <div class=\"eael-elements-flip-box-front-container\">\n                    \n                    \n                        <div class=\"eael-elements-slider-display-table\">\n                            <div class=\"eael-elements-flip-box-vertical-align\">\n                                <div class=\"eael-elements-flip-box-padding\">\n                                    <div class=\"eael-elements-flip-box-icon-image\">\n                                                                            <\/div>\n                                    <h2 class=\"eael-elements-flip-box-heading\">Veille concurrentielle et protection du savoir<\/h2>                                    <div class=\"eael-elements-flip-box-content\">\n\t                                                                        <\/div>\n                                <\/div>\n                            <\/div>\n                        <\/div>\n                                    <\/div>\n\n                <div class=\"eael-elements-flip-box-rear-container\">\n                                                                <div class=\"eael-elements-slider-display-table\">\n                            <div class=\"eael-elements-flip-box-vertical-align\">\n                                <div class=\"eael-elements-flip-box-padding\">\n                                                                            <div class=\"eael-elements-flip-box-icon-image\">\n                                                                                            <\/div>\n                                                                                                            <div class=\"eael-elements-flip-box-content\">\n                                        <p>Anticipez les menaces et capitalisez sur votre intelligence strat\u00e9gique<\/p>                                    <\/div>\n\n                                                                            <a class=\"flipbox-button\" href=\"#\">\n                                                                                        Voir plus                                                                                            <\/a>\n                                                                    <\/div>\n                            <\/div>\n                        <\/div>\n                                    <\/div>\n            <\/div>\n        <\/div>\n        \t\t\t\t<\/div>\n\t\t\t\t\t<\/div>\n\t\t\t\t<\/div>\n\t\t<div class=\"elementor-element elementor-element-cdc508a e-flex e-con-boxed e-con e-child\" data-id=\"cdc508a\" data-element_type=\"container\">\n\t\t\t\t\t<div class=\"e-con-inner\">\n\t\t\t\t<div class=\"elementor-element elementor-element-bf44af6 eael-flipbox-content-align-left elementor-widget elementor-widget-eael-flip-box\" data-id=\"bf44af6\" data-element_type=\"widget\" data-widget_type=\"eael-flip-box.default\">\n\t\t\t\t\t        <div class=\"eael-elements-flip-box-container eael-animate-flip eael-animate-zoom-in eael-content eael-flip-box-hover eael-flipbox-fixed-height eael-flipbox-dynamic\">\n\n            <div class=\"eael-elements-flip-box-flip-card\">\n                <div class=\"eael-elements-flip-box-front-container\">\n                    \n                    \n                        <div class=\"eael-elements-slider-display-table\">\n                            <div class=\"eael-elements-flip-box-vertical-align\">\n                                <div class=\"eael-elements-flip-box-padding\">\n                                    <div class=\"eael-elements-flip-box-icon-image\">\n                                                                            <\/div>\n                                    <h2 class=\"eael-elements-flip-box-heading\">Leadership transformationnel<br><br><br><\/h2>                                    <div class=\"eael-elements-flip-box-content\">\n\t                                                                        <\/div>\n                                <\/div>\n                            <\/div>\n                        <\/div>\n                                    <\/div>\n\n                <div class=\"eael-elements-flip-box-rear-container\">\n                                                                <div class=\"eael-elements-slider-display-table\">\n                            <div class=\"eael-elements-flip-box-vertical-align\">\n                                <div class=\"eael-elements-flip-box-padding\">\n                                                                            <div class=\"eael-elements-flip-box-icon-image\">\n                                                                                            <\/div>\n                                                                                                            <div class=\"eael-elements-flip-box-content\">\n                                        <p>Donnez \u00e0 vos leaders les cl\u00e9s pour mobiliser, inspirer et transformer durablement<\/p>                                    <\/div>\n\n                                                                            <a class=\"flipbox-button\" href=\"#\">\n                                                                                        Voir plus                                                                                            <\/a>\n                                                                    <\/div>\n                            <\/div>\n                        <\/div>\n                                    <\/div>\n            <\/div>\n        <\/div>\n        \t\t\t\t<\/div>\n\t\t\t\t\t<\/div>\n\t\t\t\t<\/div>\n\t\t<div class=\"elementor-element elementor-element-b9cd3d9 e-flex e-con-boxed e-con e-child\" data-id=\"b9cd3d9\" data-element_type=\"container\">\n\t\t\t\t\t<div class=\"e-con-inner\">\n\t\t\t\t<div class=\"elementor-element elementor-element-583ca4b eael-flipbox-content-align-left elementor-widget elementor-widget-eael-flip-box\" data-id=\"583ca4b\" data-element_type=\"widget\" data-widget_type=\"eael-flip-box.default\">\n\t\t\t\t\t        <div class=\"eael-elements-flip-box-container eael-animate-flip eael-animate-zoom-in eael-content eael-flip-box-hover eael-flipbox-fixed-height eael-flipbox-dynamic\">\n\n            <div class=\"eael-elements-flip-box-flip-card\">\n                <div class=\"eael-elements-flip-box-front-container\">\n                    \n                    \n                        <div class=\"eael-elements-slider-display-table\">\n                            <div class=\"eael-elements-flip-box-vertical-align\">\n                                <div class=\"eael-elements-flip-box-padding\">\n                                    <div class=\"eael-elements-flip-box-icon-image\">\n                                                                            <\/div>\n                                    <h2 class=\"eael-elements-flip-box-heading\">Innovation manag\u00e9riale et organisationnelle<br><br><br><\/h2>                                    <div class=\"eael-elements-flip-box-content\">\n\t                                                                        <\/div>\n                                <\/div>\n                            <\/div>\n                        <\/div>\n                                    <\/div>\n\n                <div class=\"eael-elements-flip-box-rear-container\">\n                                                                <div class=\"eael-elements-slider-display-table\">\n                            <div class=\"eael-elements-flip-box-vertical-align\">\n                                <div class=\"eael-elements-flip-box-padding\">\n                                                                            <div class=\"eael-elements-flip-box-icon-image\">\n                                                                                            <\/div>\n                                                                                                            <div class=\"eael-elements-flip-box-content\">\n                                        <p>R\u00e9inventez vos pratiques pour b\u00e2tir l\u2019entreprise agile de demain<\/p>                                    <\/div>\n\n                                                                            <a class=\"flipbox-button\" href=\"#\">\n                                                                                        Voir plus                                                                                            <\/a>\n                                                                    <\/div>\n                            <\/div>\n                        <\/div>\n                                    <\/div>\n            <\/div>\n        <\/div>\n        \t\t\t\t<\/div>\n\t\t\t\t\t<\/div>\n\t\t\t\t<\/div>\n\t\t\t\t<\/div>\n\t\t\t\t<\/div>\n\t\t\t\t<\/div>\n\t\t\t\t<\/div>\n\t\t\t\t\t<\/div>\n\t\t<\/div>\n\t\t\t\t\t<\/div>\n\t\t<\/section>\n\t\t\t\t<section class=\"elementor-section elementor-top-section elementor-element elementor-element-f3d82a4 elementor-section-stretched elementor-section-boxed elementor-section-height-default elementor-section-height-default\" data-id=\"f3d82a4\" data-element_type=\"section\" data-settings=\"{&quot;stretch_section&quot;:&quot;section-stretched&quot;,&quot;background_background&quot;:&quot;classic&quot;}\">\n\t\t\t\t\t\t\t<div class=\"elementor-background-overlay\"><\/div>\n\t\t\t\t\t\t\t<div class=\"elementor-container elementor-column-gap-custom\">\n\t\t\t\t\t<div class=\"elementor-column elementor-col-100 elementor-top-column elementor-element elementor-element-809fcc9\" data-id=\"809fcc9\" data-element_type=\"column\">\n\t\t\t<div class=\"elementor-widget-wrap elementor-element-populated\">\n\t\t\t\t\t\t<div class=\"elementor-element elementor-element-5201604 animated-slow elementor-invisible elementor-widget elementor-widget-thim-ekits-button\" data-id=\"5201604\" data-element_type=\"widget\" data-settings=\"{&quot;_animation&quot;:&quot;slideInUp&quot;}\" data-widget_type=\"thim-ekits-button.default\">\n\t\t\t\t<div class=\"elementor-widget-container\">\n\t\t\t\t\t\n\t\t<div class=\"thim-ekits-button\">\n\t\t\t<a href=\"https:\/\/next-skills.com\/index.php\/contact\/#form\" role=\"button\">\n\t\t\t\t<span class=\"button-content-wrapper\">\n\t\t\t\t\tS&#039;inscrire\t\t\t\t<\/span>\n\t\t\t<\/a>\n\t\t<\/div>\n\n\t\t\t\t\t\t<\/div>\n\t\t\t\t<\/div>\n\t\t\t\t\t<\/div>\n\t\t<\/div>\n\t\t\t\t\t<\/div>\n\t\t<\/section>\n\t\t\t\t<\/div>\n\t\t","protected":false},"excerpt":{"rendered":"<p>Politique G\u00e9n\u00e9rale &amp; Strat\u00e9gie d\u2019Entreprise Digital &#038; Intelligence Artificielle RSE &#038; Lutte contre la Corruption (LCB-FT) Management &#038; Ressources Humaines Politique G\u00e9n\u00e9rale &#038; Strat\u00e9gie d\u2019Entreprise Hamburger Toggle Menu Objectif : Outiller les dirigeants et d\u00e9cideurs pour structurer une vision claire, [&hellip;]<\/p>\n","protected":false},"author":1,"featured_media":0,"parent":0,"menu_order":0,"comment_status":"closed","ping_status":"closed","template":"elementor_header_footer","meta":{"footnotes":""},"class_list":["post-13563","page","type-page","status-publish","hentry"],"_links":{"self":[{"href":"https:\/\/next-skills.com\/index.php\/wp-json\/wp\/v2\/pages\/13563","targetHints":{"allow":["GET"]}}],"collection":[{"href":"https:\/\/next-skills.com\/index.php\/wp-json\/wp\/v2\/pages"}],"about":[{"href":"https:\/\/next-skills.com\/index.php\/wp-json\/wp\/v2\/types\/page"}],"author":[{"embeddable":true,"href":"https:\/\/next-skills.com\/index.php\/wp-json\/wp\/v2\/users\/1"}],"replies":[{"embeddable":true,"href":"https:\/\/next-skills.com\/index.php\/wp-json\/wp\/v2\/comments?post=13563"}],"version-history":[{"count":40,"href":"https:\/\/next-skills.com\/index.php\/wp-json\/wp\/v2\/pages\/13563\/revisions"}],"predecessor-version":[{"id":14329,"href":"https:\/\/next-skills.com\/index.php\/wp-json\/wp\/v2\/pages\/13563\/revisions\/14329"}],"wp:attachment":[{"href":"https:\/\/next-skills.com\/index.php\/wp-json\/wp\/v2\/media?parent=13563"}],"curies":[{"name":"wp","href":"https:\/\/api.w.org\/{rel}","templated":true}]}}