{"id":13555,"date":"2025-10-13T13:24:50","date_gmt":"2025-10-13T11:24:50","guid":{"rendered":"https:\/\/next-skills.com\/?page_id=13555"},"modified":"2025-10-22T11:23:56","modified_gmt":"2025-10-22T09:23:56","slug":"management-ressources-humaines","status":"publish","type":"page","link":"https:\/\/next-skills.com\/index.php\/management-ressources-humaines\/","title":{"rendered":"Management &#038; Ressources Humaines"},"content":{"rendered":"\t\t<div data-elementor-type=\"wp-page\" data-elementor-id=\"13555\" class=\"elementor elementor-13555\">\n\t\t\t\t<div class=\"elementor-element elementor-element-8b95231 e-con-full e-flex e-con e-parent\" data-id=\"8b95231\" data-element_type=\"container\" data-settings=\"{&quot;background_background&quot;:&quot;classic&quot;}\">\n\t\t\t\t<div class=\"elementor-element elementor-element-c89ca26 elementor-widget elementor-widget-heading\" data-id=\"c89ca26\" data-element_type=\"widget\" data-widget_type=\"heading.default\">\n\t\t\t\t\t<h2 class=\"elementor-heading-title elementor-size-default\">Management &amp; Ressources Humaines<\/h2>\t\t\t\t<\/div>\n\t\t\t\t<\/div>\n\t\t\t\t<section class=\"elementor-section elementor-top-section elementor-element elementor-element-e777766 elementor-section-full_width elementor-section-height-default elementor-section-height-default\" data-id=\"e777766\" data-element_type=\"section\" data-settings=\"{&quot;background_background&quot;:&quot;classic&quot;}\">\n\t\t\t\t\t\t\t<div class=\"elementor-background-overlay\"><\/div>\n\t\t\t\t\t\t\t<div class=\"elementor-container elementor-column-gap-custom\">\n\t\t\t\t\t<div class=\"elementor-column elementor-col-50 elementor-top-column elementor-element elementor-element-b1e7731\" data-id=\"b1e7731\" data-element_type=\"column\">\n\t\t\t<div class=\"elementor-widget-wrap elementor-element-populated\">\n\t\t\t\t\t\t<div class=\"elementor-element elementor-element-00e304a eael_simple_menu_hamburger_disable_selected_menu_no eael-simple-menu-hamburger-align-right eael-hamburger--tablet elementor-widget elementor-widget-eael-simple-menu\" data-id=\"00e304a\" data-element_type=\"widget\" data-widget_type=\"eael-simple-menu.default\">\n\t\t\t\t\t<style>\n                        @media screen and (max-width: 1024px) {\n                            .eael-hamburger--tablet {\n                                .eael-simple-menu-horizontal,\n                                .eael-simple-menu-vertical {\n                                    display: none;\n                                }\n                            }\n                            .eael-hamburger--tablet {\n                                .eael-simple-menu-container .eael-simple-menu-toggle {\n                                    display: block;\n                                }\n                            }\n                        }\n                    <\/style>            <div data-hamburger-icon=\"&lt;i aria-hidden=&quot;true&quot; class=&quot;fas fa-bars&quot;&gt;&lt;\/i&gt;\" data-indicator-icon=\"&lt;i aria-hidden=&quot;true&quot; class=&quot;fas fa-angle-down&quot;&gt;&lt;\/i&gt;\" data-dropdown-indicator-icon=\"&lt;i class=&quot;fas fa-angle-down&quot;&gt;&lt;\/i&gt;\" class=\"eael-simple-menu-container eael-simple-menu-align-left eael-simple-menu-dropdown-align-left preset-1\" data-hamburger-breakpoints=\"{&quot;mobile&quot;:&quot;Portrait mobile (&gt; 767px)&quot;,&quot;mobile_extra&quot;:&quot;Mobile Paysage (&gt; 880px)&quot;,&quot;tablet&quot;:&quot;Tablette en mode portrait (&gt; 1024px)&quot;,&quot;desktop&quot;:&quot;Desktop (&gt; 2400px)&quot;,&quot;none&quot;:&quot;None&quot;}\" data-hamburger-device=\"tablet\">\n                <ul id=\"menu-formations\" class=\"eael-simple-menu eael-simple-menu-dropdown-animate-to-top eael-simple-menu-indicator eael-simple-menu-vertical\"><li id=\"menu-item-13842\" class=\"menu-item menu-item-type-post_type menu-item-object-page menu-item-13842\"><a href=\"https:\/\/next-skills.com\/index.php\/digital-intelligence-artificielle\/\">Digital &#038; Intelligence Artificielle<\/a><\/li>\n<li id=\"menu-item-13841\" class=\"menu-item menu-item-type-post_type menu-item-object-page menu-item-13841\"><a href=\"https:\/\/next-skills.com\/index.php\/rse-lutte-contre-la-corruption-lcb-ft\/\">RSE &#038; Lutte contre la Corruption (LCB-FT)<\/a><\/li>\n<li id=\"menu-item-13840\" class=\"menu-item menu-item-type-post_type menu-item-object-page menu-item-13840\"><a href=\"https:\/\/next-skills.com\/index.php\/management-ressources-humaines\/\">Management &#038; Ressources Humaines<\/a><\/li>\n<li id=\"menu-item-13839\" class=\"menu-item menu-item-type-post_type menu-item-object-page menu-item-13839\"><a href=\"https:\/\/next-skills.com\/index.php\/politique-generale-strategie-dentreprise\/\">Politique G\u00e9n\u00e9rale &#038; Strat\u00e9gie d\u2019Entreprise<\/a><\/li>\n<\/ul>                <button class=\"eael-simple-menu-toggle\">\n                    <span class=\"sr-only \">Hamburger Toggle Menu<\/span>\n                    <i aria-hidden=\"true\" class=\"fas fa-bars\"><\/i>                <\/button>\n            <\/div>\n            \t\t\t\t<\/div>\n\t\t\t\t\t<\/div>\n\t\t<\/div>\n\t\t\t\t<div class=\"elementor-column elementor-col-50 elementor-top-column elementor-element elementor-element-ecdc0eb\" data-id=\"ecdc0eb\" data-element_type=\"column\">\n\t\t\t<div class=\"elementor-widget-wrap elementor-element-populated\">\n\t\t\t\t<div class=\"elementor-element elementor-element-f8897a2 e-con-full e-flex e-con e-parent\" data-id=\"f8897a2\" data-element_type=\"container\">\n\t\t<div class=\"elementor-element elementor-element-f02757c e-con-full e-flex e-con e-child\" data-id=\"f02757c\" data-element_type=\"container\">\n\t\t\t\t<div class=\"elementor-element elementor-element-49c80e8 elementor-widget elementor-widget-thim-ekits-heading\" data-id=\"49c80e8\" data-element_type=\"widget\" data-widget_type=\"thim-ekits-heading.default\">\n\t\t\t\t<div class=\"elementor-widget-container\">\n\t\t\t\t\t<div class=\"thim-ekits-heading thim-ekit__heading\">\t\t\t<div class='desc'>\n\t\t\t\t<p><strong>Objectif<\/strong> : Renforcer les capacit\u00e9s manag\u00e9riales et faire de l\u2019intelligence humaine le moteur de la transformation.<\/p>\t\t\t<\/div>\n\t\t<\/div>\t\t\t\t<\/div>\n\t\t\t\t<\/div>\n\t\t\t\t<\/div>\n\t\t\t\t<\/div>\n\t\t<div class=\"elementor-element elementor-element-5e48a1c e-con-full e-flex e-con e-parent\" data-id=\"5e48a1c\" data-element_type=\"container\">\n\t\t\t\t<div class=\"elementor-element elementor-element-ccb66bd elementor-widget elementor-widget-thim-ekits-heading\" data-id=\"ccb66bd\" data-element_type=\"widget\" data-widget_type=\"thim-ekits-heading.default\">\n\t\t\t\t<div class=\"elementor-widget-container\">\n\t\t\t\t\t<div class=\"thim-ekits-heading thim-ekit__heading\"><h2 class=\"title\">Nos Modules<\/h2><\/div>\t\t\t\t<\/div>\n\t\t\t\t<\/div>\n\t\t\t\t<\/div>\n\t\t<div class=\"elementor-element elementor-element-18b54bf e-con-full e-flex e-con e-parent\" data-id=\"18b54bf\" data-element_type=\"container\">\n\t\t<div class=\"elementor-element elementor-element-f38cb17 e-con-full e-flex e-con e-child\" data-id=\"f38cb17\" data-element_type=\"container\">\n\t\t<div class=\"elementor-element elementor-element-58dd883 e-con-full e-flex e-con e-child\" data-id=\"58dd883\" data-element_type=\"container\">\n\t\t<div class=\"elementor-element elementor-element-a19ab61 e-con-full e-flex e-con e-child\" data-id=\"a19ab61\" data-element_type=\"container\">\n\t\t\t\t<div class=\"elementor-element elementor-element-7a05e5a eael-flipbox-content-align-left elementor-widget elementor-widget-eael-flip-box\" data-id=\"7a05e5a\" data-element_type=\"widget\" data-widget_type=\"eael-flip-box.default\">\n\t\t\t\t\t        <div class=\"eael-elements-flip-box-container eael-animate-flip eael-animate-zoom-in eael-content eael-flip-box-hover eael-flipbox-fixed-height eael-flipbox-dynamic\">\n\n            <div class=\"eael-elements-flip-box-flip-card\">\n                <div class=\"eael-elements-flip-box-front-container\">\n                    \n                    \n                        <div class=\"eael-elements-slider-display-table\">\n                            <div class=\"eael-elements-flip-box-vertical-align\">\n                                <div class=\"eael-elements-flip-box-padding\">\n                                    <div class=\"eael-elements-flip-box-icon-image\">\n                                                                            <\/div>\n                                    <h2 class=\"eael-elements-flip-box-heading\">Management collaboratif &amp; leadership inspirant<\/h2>                                    <div class=\"eael-elements-flip-box-content\">\n\t                                                                        <\/div>\n                                <\/div>\n                            <\/div>\n                        <\/div>\n                                    <\/div>\n\n                <div class=\"eael-elements-flip-box-rear-container\">\n                                                                <div class=\"eael-elements-slider-display-table\">\n                            <div class=\"eael-elements-flip-box-vertical-align\">\n                                <div class=\"eael-elements-flip-box-padding\">\n                                                                            <div class=\"eael-elements-flip-box-icon-image\">\n                                                                                            <\/div>\n                                                                                                            <div class=\"eael-elements-flip-box-content\">\n                                        <p>Lib\u00e9rez le potentiel de vos \u00e9quipes par un leadership agile et humain<\/p>                                    <\/div>\n\n                                                                            <a class=\"flipbox-button\" href=\"#\">\n                                                                                        Voir plus                                                                                            <\/a>\n                                                                    <\/div>\n                            <\/div>\n                        <\/div>\n                                    <\/div>\n            <\/div>\n        <\/div>\n        \t\t\t\t<\/div>\n\t\t\t\t<\/div>\n\t\t<div class=\"elementor-element elementor-element-50f1556 e-flex e-con-boxed e-con e-child\" data-id=\"50f1556\" data-element_type=\"container\">\n\t\t\t\t\t<div class=\"e-con-inner\">\n\t\t\t\t<div class=\"elementor-element elementor-element-564806f eael-flipbox-content-align-left elementor-widget elementor-widget-eael-flip-box\" data-id=\"564806f\" data-element_type=\"widget\" data-widget_type=\"eael-flip-box.default\">\n\t\t\t\t\t        <div class=\"eael-elements-flip-box-container eael-animate-flip eael-animate-zoom-in eael-content eael-flip-box-hover eael-flipbox-fixed-height eael-flipbox-dynamic\">\n\n            <div class=\"eael-elements-flip-box-flip-card\">\n                <div class=\"eael-elements-flip-box-front-container\">\n                    \n                    \n                        <div class=\"eael-elements-slider-display-table\">\n                            <div class=\"eael-elements-flip-box-vertical-align\">\n                                <div class=\"eael-elements-flip-box-padding\">\n                                    <div class=\"eael-elements-flip-box-icon-image\">\n                                                                            <\/div>\n                                    <h2 class=\"eael-elements-flip-box-heading\">Recrutement, int\u00e9gration &amp; fid\u00e9lisation des talents<\/h2>                                    <div class=\"eael-elements-flip-box-content\">\n\t                                                                        <\/div>\n                                <\/div>\n                            <\/div>\n                        <\/div>\n                                    <\/div>\n\n                <div class=\"eael-elements-flip-box-rear-container\">\n                                                                <div class=\"eael-elements-slider-display-table\">\n                            <div class=\"eael-elements-flip-box-vertical-align\">\n                                <div class=\"eael-elements-flip-box-padding\">\n                                                                            <div class=\"eael-elements-flip-box-icon-image\">\n                                                                                            <\/div>\n                                                                                                            <div class=\"eael-elements-flip-box-content\">\n                                        <p>Attirez, int\u00e9grez et fid\u00e9lisez les meilleurs profils gr\u00e2ce \u00e0 des pratiques RH modernes<\/p>                                    <\/div>\n\n                                                                            <a class=\"flipbox-button\" href=\"#\">\n                                                                                        Voir plus                                                                                            <\/a>\n                                                                    <\/div>\n                            <\/div>\n                        <\/div>\n                                    <\/div>\n            <\/div>\n        <\/div>\n        \t\t\t\t<\/div>\n\t\t\t\t\t<\/div>\n\t\t\t\t<\/div>\n\t\t<div class=\"elementor-element elementor-element-5b5fb2b e-flex e-con-boxed e-con e-child\" data-id=\"5b5fb2b\" data-element_type=\"container\">\n\t\t\t\t\t<div class=\"e-con-inner\">\n\t\t\t\t<div class=\"elementor-element elementor-element-26ddf25 eael-flipbox-content-align-left elementor-widget elementor-widget-eael-flip-box\" data-id=\"26ddf25\" data-element_type=\"widget\" data-widget_type=\"eael-flip-box.default\">\n\t\t\t\t\t        <div class=\"eael-elements-flip-box-container eael-animate-flip eael-animate-zoom-in eael-content eael-flip-box-hover eael-flipbox-fixed-height eael-flipbox-dynamic\">\n\n            <div class=\"eael-elements-flip-box-flip-card\">\n                <div class=\"eael-elements-flip-box-front-container\">\n                    \n                    \n                        <div class=\"eael-elements-slider-display-table\">\n                            <div class=\"eael-elements-flip-box-vertical-align\">\n                                <div class=\"eael-elements-flip-box-padding\">\n                                    <div class=\"eael-elements-flip-box-icon-image\">\n                                                                            <\/div>\n                                    <h2 class=\"eael-elements-flip-box-heading\">Gestion des performances &amp; feedback constructif<br><\/h2>                                    <div class=\"eael-elements-flip-box-content\">\n\t                                                                        <\/div>\n                                <\/div>\n                            <\/div>\n                        <\/div>\n                                    <\/div>\n\n                <div class=\"eael-elements-flip-box-rear-container\">\n                                                                <div class=\"eael-elements-slider-display-table\">\n                            <div class=\"eael-elements-flip-box-vertical-align\">\n                                <div class=\"eael-elements-flip-box-padding\">\n                                                                            <div class=\"eael-elements-flip-box-icon-image\">\n                                                                                            <\/div>\n                                                                                                            <div class=\"eael-elements-flip-box-content\">\n                                        <p>Am\u00e9liorez la performance collective avec un management bas\u00e9 sur la reconnaissance et le sens<\/p>                                    <\/div>\n\n                                                                            <a class=\"flipbox-button\" href=\"#\">\n                                                                                        Voir plus                                                                                            <\/a>\n                                                                    <\/div>\n                            <\/div>\n                        <\/div>\n                                    <\/div>\n            <\/div>\n        <\/div>\n        \t\t\t\t<\/div>\n\t\t\t\t\t<\/div>\n\t\t\t\t<\/div>\n\t\t<div class=\"elementor-element elementor-element-a095ebb e-flex e-con-boxed e-con e-child\" data-id=\"a095ebb\" data-element_type=\"container\">\n\t\t\t\t\t<div class=\"e-con-inner\">\n\t\t\t\t<div class=\"elementor-element elementor-element-f02f0ae eael-flipbox-content-align-left elementor-widget elementor-widget-eael-flip-box\" data-id=\"f02f0ae\" data-element_type=\"widget\" data-widget_type=\"eael-flip-box.default\">\n\t\t\t\t\t        <div class=\"eael-elements-flip-box-container eael-animate-flip eael-animate-zoom-in eael-content eael-flip-box-hover eael-flipbox-fixed-height eael-flipbox-dynamic\">\n\n            <div class=\"eael-elements-flip-box-flip-card\">\n                <div class=\"eael-elements-flip-box-front-container\">\n                    \n                    \n                        <div class=\"eael-elements-slider-display-table\">\n                            <div class=\"eael-elements-flip-box-vertical-align\">\n                                <div class=\"eael-elements-flip-box-padding\">\n                                    <div class=\"eael-elements-flip-box-icon-image\">\n                                                                            <\/div>\n                                    <h2 class=\"eael-elements-flip-box-heading\">D\u00e9veloppement des soft skills<br><br><br><\/h2>                                    <div class=\"eael-elements-flip-box-content\">\n\t                                                                        <\/div>\n                                <\/div>\n                            <\/div>\n                        <\/div>\n                                    <\/div>\n\n                <div class=\"eael-elements-flip-box-rear-container\">\n                                                                <div class=\"eael-elements-slider-display-table\">\n                            <div class=\"eael-elements-flip-box-vertical-align\">\n                                <div class=\"eael-elements-flip-box-padding\">\n                                                                            <div class=\"eael-elements-flip-box-icon-image\">\n                                                                                            <\/div>\n                                                                                                            <div class=\"eael-elements-flip-box-content\">\n                                        <p>Cultivez les comp\u00e9tences humaines cl\u00e9s pour des \u00e9quipes agiles et engag\u00e9es<\/p>                                    <\/div>\n\n                                                                            <a class=\"flipbox-button\" href=\"#\">\n                                                                                        Voir plus                                                                                            <\/a>\n                                                                    <\/div>\n                            <\/div>\n                        <\/div>\n                                    <\/div>\n            <\/div>\n        <\/div>\n        \t\t\t\t<\/div>\n\t\t\t\t\t<\/div>\n\t\t\t\t<\/div>\n\t\t<div class=\"elementor-element elementor-element-5daaa01 e-flex e-con-boxed e-con e-child\" data-id=\"5daaa01\" data-element_type=\"container\">\n\t\t\t\t\t<div class=\"e-con-inner\">\n\t\t\t\t<div class=\"elementor-element elementor-element-42aa59d eael-flipbox-content-align-left elementor-widget elementor-widget-eael-flip-box\" data-id=\"42aa59d\" data-element_type=\"widget\" data-widget_type=\"eael-flip-box.default\">\n\t\t\t\t\t        <div class=\"eael-elements-flip-box-container eael-animate-flip eael-animate-zoom-in eael-content eael-flip-box-hover eael-flipbox-fixed-height eael-flipbox-dynamic\">\n\n            <div class=\"eael-elements-flip-box-flip-card\">\n                <div class=\"eael-elements-flip-box-front-container\">\n                    \n                    \n                        <div class=\"eael-elements-slider-display-table\">\n                            <div class=\"eael-elements-flip-box-vertical-align\">\n                                <div class=\"eael-elements-flip-box-padding\">\n                                    <div class=\"eael-elements-flip-box-icon-image\">\n                                                                            <\/div>\n                                    <h2 class=\"eael-elements-flip-box-heading\">Pr\u00e9vention des risques psychosociaux &amp; QVT<br><br><\/h2>                                    <div class=\"eael-elements-flip-box-content\">\n\t                                                                        <\/div>\n                                <\/div>\n                            <\/div>\n                        <\/div>\n                                    <\/div>\n\n                <div class=\"eael-elements-flip-box-rear-container\">\n                                                                <div class=\"eael-elements-slider-display-table\">\n                            <div class=\"eael-elements-flip-box-vertical-align\">\n                                <div class=\"eael-elements-flip-box-padding\">\n                                                                            <div class=\"eael-elements-flip-box-icon-image\">\n                                                                                            <\/div>\n                                                                                                            <div class=\"eael-elements-flip-box-content\">\n                                        <p>Cr\u00e9ez un environnement de travail sain et motivant, facteur de performance durable<\/p>                                    <\/div>\n\n                                                                            <a class=\"flipbox-button\" href=\"#\">\n                                                                                        Voir plus                                                                                            <\/a>\n                                                                    <\/div>\n                            <\/div>\n                        <\/div>\n                                    <\/div>\n            <\/div>\n        <\/div>\n        \t\t\t\t<\/div>\n\t\t\t\t\t<\/div>\n\t\t\t\t<\/div>\n\t\t\t\t<\/div>\n\t\t\t\t<\/div>\n\t\t\t\t<\/div>\n\t\t\t\t\t<\/div>\n\t\t<\/div>\n\t\t\t\t\t<\/div>\n\t\t<\/section>\n\t\t\t\t<section class=\"elementor-section elementor-top-section elementor-element elementor-element-423eaab elementor-section-stretched elementor-section-boxed elementor-section-height-default elementor-section-height-default\" data-id=\"423eaab\" data-element_type=\"section\" data-settings=\"{&quot;stretch_section&quot;:&quot;section-stretched&quot;,&quot;background_background&quot;:&quot;classic&quot;}\">\n\t\t\t\t\t\t\t<div class=\"elementor-background-overlay\"><\/div>\n\t\t\t\t\t\t\t<div class=\"elementor-container elementor-column-gap-custom\">\n\t\t\t\t\t<div class=\"elementor-column elementor-col-100 elementor-top-column elementor-element elementor-element-ad28a8a\" data-id=\"ad28a8a\" data-element_type=\"column\">\n\t\t\t<div class=\"elementor-widget-wrap elementor-element-populated\">\n\t\t\t\t\t\t<div class=\"elementor-element elementor-element-209fd19 animated-slow elementor-invisible elementor-widget elementor-widget-thim-ekits-button\" data-id=\"209fd19\" data-element_type=\"widget\" data-settings=\"{&quot;_animation&quot;:&quot;slideInUp&quot;}\" data-widget_type=\"thim-ekits-button.default\">\n\t\t\t\t<div class=\"elementor-widget-container\">\n\t\t\t\t\t\n\t\t<div class=\"thim-ekits-button\">\n\t\t\t<a href=\"https:\/\/next-skills.com\/index.php\/contact\/#form\" role=\"button\">\n\t\t\t\t<span class=\"button-content-wrapper\">\n\t\t\t\t\tS&#039;inscrire\t\t\t\t<\/span>\n\t\t\t<\/a>\n\t\t<\/div>\n\n\t\t\t\t\t\t<\/div>\n\t\t\t\t<\/div>\n\t\t\t\t\t<\/div>\n\t\t<\/div>\n\t\t\t\t\t<\/div>\n\t\t<\/section>\n\t\t\t\t<\/div>\n\t\t","protected":false},"excerpt":{"rendered":"<p>Management &amp; Ressources Humaines Digital &#038; Intelligence Artificielle RSE &#038; Lutte contre la Corruption (LCB-FT) Management &#038; Ressources Humaines Politique G\u00e9n\u00e9rale &#038; Strat\u00e9gie d\u2019Entreprise Hamburger Toggle Menu Objectif : Renforcer les capacit\u00e9s manag\u00e9riales et faire de l\u2019intelligence humaine le moteur [&hellip;]<\/p>\n","protected":false},"author":1,"featured_media":0,"parent":0,"menu_order":0,"comment_status":"closed","ping_status":"closed","template":"elementor_header_footer","meta":{"footnotes":""},"class_list":["post-13555","page","type-page","status-publish","hentry"],"_links":{"self":[{"href":"https:\/\/next-skills.com\/index.php\/wp-json\/wp\/v2\/pages\/13555","targetHints":{"allow":["GET"]}}],"collection":[{"href":"https:\/\/next-skills.com\/index.php\/wp-json\/wp\/v2\/pages"}],"about":[{"href":"https:\/\/next-skills.com\/index.php\/wp-json\/wp\/v2\/types\/page"}],"author":[{"embeddable":true,"href":"https:\/\/next-skills.com\/index.php\/wp-json\/wp\/v2\/users\/1"}],"replies":[{"embeddable":true,"href":"https:\/\/next-skills.com\/index.php\/wp-json\/wp\/v2\/comments?post=13555"}],"version-history":[{"count":46,"href":"https:\/\/next-skills.com\/index.php\/wp-json\/wp\/v2\/pages\/13555\/revisions"}],"predecessor-version":[{"id":14341,"href":"https:\/\/next-skills.com\/index.php\/wp-json\/wp\/v2\/pages\/13555\/revisions\/14341"}],"wp:attachment":[{"href":"https:\/\/next-skills.com\/index.php\/wp-json\/wp\/v2\/media?parent=13555"}],"curies":[{"name":"wp","href":"https:\/\/api.w.org\/{rel}","templated":true}]}}