{"id":13549,"date":"2025-10-13T13:43:43","date_gmt":"2025-10-13T11:43:43","guid":{"rendered":"https:\/\/next-skills.com\/?page_id=13549"},"modified":"2025-10-13T17:21:52","modified_gmt":"2025-10-13T15:21:52","slug":"politique-generale-strategie-dentreprise-3","status":"publish","type":"page","link":"https:\/\/next-skills.com\/index.php\/politique-generale-strategie-dentreprise-3\/","title":{"rendered":"Politique G\u00e9n\u00e9rale &#038; Strat\u00e9gie d\u2019Entreprise"},"content":{"rendered":"\t\t<div data-elementor-type=\"wp-page\" data-elementor-id=\"13549\" class=\"elementor elementor-13549\">\n\t\t\t\t<div class=\"elementor-element elementor-element-8b95231 e-flex e-con-boxed e-con e-parent\" data-id=\"8b95231\" data-element_type=\"container\" data-settings=\"{&quot;background_background&quot;:&quot;classic&quot;}\">\n\t\t\t\t\t<div class=\"e-con-inner\">\n\t\t\t\t<div class=\"elementor-element elementor-element-c89ca26 elementor-widget elementor-widget-heading\" data-id=\"c89ca26\" data-element_type=\"widget\" data-widget_type=\"heading.default\">\n\t\t\t\t\t<h2 class=\"elementor-heading-title elementor-size-default\">Digital &amp; Intelligence Artificielle<\/h2>\t\t\t\t<\/div>\n\t\t\t\t\t<\/div>\n\t\t\t\t<\/div>\n\t\t<div class=\"elementor-element elementor-element-da557e7 e-flex e-con-boxed e-con e-parent\" data-id=\"da557e7\" data-element_type=\"container\">\n\t\t\t\t\t<div class=\"e-con-inner\">\n\t\t<div class=\"elementor-element elementor-element-1d78057 e-flex e-con-boxed e-con e-child\" data-id=\"1d78057\" data-element_type=\"container\">\n\t\t\t\t\t<div class=\"e-con-inner\">\n\t\t<div class=\"elementor-element elementor-element-2191996 e-con-full animated-slow e-flex elementor-invisible e-con e-child\" data-id=\"2191996\" data-element_type=\"container\" data-settings=\"{&quot;animation&quot;:&quot;ekit--slide-left&quot;}\">\n\t\t\t\t<div class=\"elementor-element elementor-element-a1606c8 elementor-widget elementor-widget-thim-ekits-heading\" data-id=\"a1606c8\" data-element_type=\"widget\" data-widget_type=\"thim-ekits-heading.default\">\n\t\t\t\t<div class=\"elementor-widget-container\">\n\t\t\t\t\t<div class=\"thim-ekits-heading thim-ekit__heading\">\t\t\t<div class='desc'>\n\t\t\t\t<p><strong>Objectif<\/strong> : Former les professionnels \u00e0 comprendre, int\u00e9grer et exploiter le digital et l\u2019IA comme leviers de performance, d\u2019innovation et de transformation organisationnelle.<\/p><p><strong>Modules propos\u00e9s :<\/strong><\/p><ul><li><strong>Culture num\u00e9rique pour d\u00e9cideurs<\/strong><br \/>Sensibilisation aux grandes technologies (Cloud, IA, IoT, blockchain\u2026), impact sur les mod\u00e8les \u00e9conomiques, orientation strat\u00e9gique.<\/li><li><strong>Ma\u00eetriser les outils d\u2019IA g\u00e9n\u00e9rative pour la productivit\u00e9<\/strong><br \/>Utilisation de ChatGPT, Copilot, Midjourney, Notion AI, etc. pour la r\u00e9daction, l\u2019analyse, la cr\u00e9ation de contenu, la gestion documentaire.<\/li><li><strong>Conduite de projets digitaux et agilit\u00e9<\/strong><br \/>Gestion de projets technologiques avec les m\u00e9thodes agiles (Scrum, Kanban), pilotage du changement et coordination des parties prenantes.<\/li><\/ul><p>\u00a0<\/p>\t\t\t<\/div>\n\t\t<\/div>\t\t\t\t<\/div>\n\t\t\t\t<\/div>\n\t\t\t\t<\/div>\n\t\t<div class=\"elementor-element elementor-element-5248b12 e-con-full animated-slow e-flex elementor-invisible e-con e-child\" data-id=\"5248b12\" data-element_type=\"container\" data-settings=\"{&quot;animation&quot;:&quot;ekit--slide-right&quot;}\">\n\t\t\t\t<div class=\"elementor-element elementor-element-c2ee771 elementor-widget elementor-widget-image\" data-id=\"c2ee771\" data-element_type=\"widget\" data-widget_type=\"image.default\">\n\t\t\t\t\t\t\t\t\t\t\t\t\t\t\t<img decoding=\"async\" src=\"https:\/\/next-skills.com\/wp-content\/plugins\/elementor\/assets\/images\/placeholder.png\" title=\"\" alt=\"\" loading=\"lazy\" \/>\t\t\t\t\t\t\t\t\t\t\t\t\t\t\t<\/div>\n\t\t\t\t<\/div>\n\t\t\t\t\t<\/div>\n\t\t\t\t<\/div>\n\t\t\t\t\t<\/div>\n\t\t\t\t<\/div>\n\t\t<div class=\"elementor-element elementor-element-86fd55e e-flex e-con-boxed e-con e-parent\" data-id=\"86fd55e\" data-element_type=\"container\">\n\t\t\t\t\t<div class=\"e-con-inner\">\n\t\t<div class=\"elementor-element elementor-element-6889eb6 e-flex e-con-boxed e-con e-child\" data-id=\"6889eb6\" data-element_type=\"container\">\n\t\t\t\t\t<div class=\"e-con-inner\">\n\t\t\t\t<div class=\"elementor-element elementor-element-855f363 elementor-widget elementor-widget-thim-ekits-heading\" data-id=\"855f363\" data-element_type=\"widget\" data-widget_type=\"thim-ekits-heading.default\">\n\t\t\t\t<div class=\"elementor-widget-container\">\n\t\t\t\t\t<div class=\"thim-ekits-heading thim-ekit__heading\">\t\t\t<div class='desc'>\n\t\t\t\t<ul><li><strong>Automatisation des t\u00e2ches &amp; RPA (Robotic Process Automation)<\/strong><br \/>Identification des t\u00e2ches r\u00e9p\u00e9titives, d\u00e9ploiement de solutions RPA accessibles aux non-d\u00e9veloppeurs (ex. Power Automate, Zapier), mesure des gains.<\/li><li><strong>Cybers\u00e9curit\u00e9 pour non-sp\u00e9cialistes<\/strong><br \/>Bonnes pratiques en s\u00e9curit\u00e9 num\u00e9rique, gestion des acc\u00e8s, pr\u00e9vention des risques (phishing, ransomware\u2026), sensibilisation des \u00e9quipes.<\/li><li><strong>Data et d\u00e9cision : initiation \u00e0 la data science<\/strong><br \/>Exploiter les donn\u00e9es m\u00e9tier, cr\u00e9er des tableaux de bord intelligents, comprendre l\u2019analyse pr\u00e9dictive et les outils de visualisation (Power BI, Tableau).<\/li><\/ul>\t\t\t<\/div>\n\t\t<\/div>\t\t\t\t<\/div>\n\t\t\t\t<\/div>\n\t\t\t\t\t<\/div>\n\t\t\t\t<\/div>\n\t\t\t\t\t<\/div>\n\t\t\t\t<\/div>\n\t\t\t\t<section class=\"elementor-section elementor-top-section elementor-element elementor-element-e133e34 elementor-section-stretched elementor-section-boxed elementor-section-height-default elementor-section-height-default\" data-id=\"e133e34\" data-element_type=\"section\" data-settings=\"{&quot;stretch_section&quot;:&quot;section-stretched&quot;,&quot;background_background&quot;:&quot;classic&quot;}\">\n\t\t\t\t\t\t\t<div class=\"elementor-background-overlay\"><\/div>\n\t\t\t\t\t\t\t<div class=\"elementor-container elementor-column-gap-custom\">\n\t\t\t\t\t<div class=\"elementor-column elementor-col-100 elementor-top-column elementor-element elementor-element-31039af\" data-id=\"31039af\" data-element_type=\"column\">\n\t\t\t<div class=\"elementor-widget-wrap elementor-element-populated\">\n\t\t\t\t\t\t<div class=\"elementor-element elementor-element-fd8d2fa animated-slow elementor-invisible elementor-widget elementor-widget-thim-ekits-button\" data-id=\"fd8d2fa\" data-element_type=\"widget\" data-settings=\"{&quot;_animation&quot;:&quot;slideInUp&quot;}\" data-widget_type=\"thim-ekits-button.default\">\n\t\t\t\t<div class=\"elementor-widget-container\">\n\t\t\t\t\t\n\t\t<div class=\"thim-ekits-button\">\n\t\t\t<a href=\"#\" role=\"button\">\n\t\t\t\t<span class=\"button-content-wrapper\">\n\t\t\t\t\tS&#039;inscrire\t\t\t\t<\/span>\n\t\t\t<\/a>\n\t\t<\/div>\n\n\t\t\t\t\t\t<\/div>\n\t\t\t\t<\/div>\n\t\t\t\t\t<\/div>\n\t\t<\/div>\n\t\t\t\t\t<\/div>\n\t\t<\/section>\n\t\t\t\t<\/div>\n\t\t","protected":false},"excerpt":{"rendered":"<p>Digital &amp; Intelligence Artificielle Objectif : Former les professionnels \u00e0 comprendre, int\u00e9grer et exploiter le digital et l\u2019IA comme leviers de performance, d\u2019innovation et de transformation organisationnelle. Modules propos\u00e9s : Culture num\u00e9rique pour d\u00e9cideursSensibilisation aux grandes technologies (Cloud, IA, IoT, [&hellip;]<\/p>\n","protected":false},"author":1,"featured_media":0,"parent":0,"menu_order":0,"comment_status":"closed","ping_status":"closed","template":"elementor_header_footer","meta":{"footnotes":""},"class_list":["post-13549","page","type-page","status-publish","hentry"],"_links":{"self":[{"href":"https:\/\/next-skills.com\/index.php\/wp-json\/wp\/v2\/pages\/13549","targetHints":{"allow":["GET"]}}],"collection":[{"href":"https:\/\/next-skills.com\/index.php\/wp-json\/wp\/v2\/pages"}],"about":[{"href":"https:\/\/next-skills.com\/index.php\/wp-json\/wp\/v2\/types\/page"}],"author":[{"embeddable":true,"href":"https:\/\/next-skills.com\/index.php\/wp-json\/wp\/v2\/users\/1"}],"replies":[{"embeddable":true,"href":"https:\/\/next-skills.com\/index.php\/wp-json\/wp\/v2\/comments?post=13549"}],"version-history":[{"count":4,"href":"https:\/\/next-skills.com\/index.php\/wp-json\/wp\/v2\/pages\/13549\/revisions"}],"predecessor-version":[{"id":13638,"href":"https:\/\/next-skills.com\/index.php\/wp-json\/wp\/v2\/pages\/13549\/revisions\/13638"}],"wp:attachment":[{"href":"https:\/\/next-skills.com\/index.php\/wp-json\/wp\/v2\/media?parent=13549"}],"curies":[{"name":"wp","href":"https:\/\/api.w.org\/{rel}","templated":true}]}}