{"id":12184,"date":"2024-02-27T04:03:59","date_gmt":"2024-02-27T04:03:59","guid":{"rendered":"https:\/\/coaching.thimpress.com\/business-coaching\/?page_id=12184"},"modified":"2025-10-23T11:48:33","modified_gmt":"2025-10-23T09:48:33","slug":"a-propos-de-nous","status":"publish","type":"page","link":"https:\/\/next-skills.com\/index.php\/a-propos-de-nous\/","title":{"rendered":"\u00c0 propos de nous"},"content":{"rendered":"\t\t<div data-elementor-type=\"wp-page\" data-elementor-id=\"12184\" class=\"elementor elementor-12184\">\n\t\t\t\t<div class=\"elementor-element elementor-element-8b95231 e-flex e-con-boxed e-con e-parent\" data-id=\"8b95231\" data-element_type=\"container\" data-settings=\"{&quot;background_background&quot;:&quot;classic&quot;}\">\n\t\t\t\t\t<div class=\"e-con-inner\">\n\t\t\t\t<div class=\"elementor-element elementor-element-c89ca26 elementor-widget elementor-widget-heading\" data-id=\"c89ca26\" data-element_type=\"widget\" data-widget_type=\"heading.default\">\n\t\t\t\t\t<h2 class=\"elementor-heading-title elementor-size-default\">\u00c0 propos de nous<\/h2>\t\t\t\t<\/div>\n\t\t\t\t\t<\/div>\n\t\t\t\t<\/div>\n\t\t<div class=\"elementor-element elementor-element-582749b e-flex e-con-boxed e-con e-parent\" data-id=\"582749b\" data-element_type=\"container\" data-settings=\"{&quot;background_background&quot;:&quot;classic&quot;}\">\n\t\t\t\t\t<div class=\"e-con-inner\">\n\t\t<div class=\"elementor-element elementor-element-b1bf041 e-flex e-con-boxed e-con e-child\" data-id=\"b1bf041\" data-element_type=\"container\">\n\t\t\t\t\t<div class=\"e-con-inner\">\n\t\t<div class=\"elementor-element elementor-element-d96b9c7 e-con-full animated-slow e-flex elementor-invisible e-con e-child\" data-id=\"d96b9c7\" data-element_type=\"container\" data-settings=\"{&quot;animation&quot;:&quot;ekit--slide-left&quot;}\">\n\t\t\t\t<div class=\"elementor-element elementor-element-afe8658 elementor-widget elementor-widget-thim-ekits-heading\" data-id=\"afe8658\" data-element_type=\"widget\" data-widget_type=\"thim-ekits-heading.default\">\n\t\t\t\t<div class=\"elementor-widget-container\">\n\t\t\t\t\t<div class=\"thim-ekits-heading thim-ekit__heading\">\t\t\t<div class='desc'>\n\t\t\t\t<strong>Next Skills<\/strong> est un cabinet de formation et de conseil sp\u00e9cialis\u00e9 dans le d\u00e9veloppement des comp\u00e9tences strat\u00e9giques pour les organisations qui souhaitent anticiper les transformations de demain. Nous pla\u00e7ons l\u2019intelligence humaine au c\u0153ur de notre action, convaincus que la mont\u00e9e en comp\u00e9tence des femmes et des hommes est le v\u00e9ritable levier de performance durable. Nos domaines d\u2019expertise couvrent quatre axes cl\u00e9s : <br>le digital et l\u2019intelligence artificielle, la responsabilit\u00e9 soci\u00e9tale et la conformit\u00e9 (LCB-FT), le management et les ressources humaines, ainsi que la strat\u00e9gie d\u2019entreprise et la gouvernance.\t\t\t<\/div>\n\t\t<\/div>\t\t\t\t<\/div>\n\t\t\t\t<\/div>\n\t\t\t\t<\/div>\n\t\t\t\t\t<\/div>\n\t\t\t\t<\/div>\n\t\t\t\t\t<\/div>\n\t\t\t\t<\/div>\n\t\t<div class=\"elementor-element elementor-element-da557e7 e-flex e-con-boxed e-con e-parent\" data-id=\"da557e7\" data-element_type=\"container\">\n\t\t\t\t\t<div class=\"e-con-inner\">\n\t\t<div class=\"elementor-element elementor-element-1d78057 e-flex e-con-boxed e-con e-child\" data-id=\"1d78057\" data-element_type=\"container\">\n\t\t\t\t\t<div class=\"e-con-inner\">\n\t\t<div class=\"elementor-element elementor-element-2191996 e-con-full animated-slow e-flex elementor-invisible e-con e-child\" data-id=\"2191996\" data-element_type=\"container\" data-settings=\"{&quot;animation&quot;:&quot;ekit--slide-right&quot;}\">\n\t\t\t\t<div class=\"elementor-element elementor-element-a1606c8 elementor-widget elementor-widget-thim-ekits-heading\" data-id=\"a1606c8\" data-element_type=\"widget\" data-widget_type=\"thim-ekits-heading.default\">\n\t\t\t\t<div class=\"elementor-widget-container\">\n\t\t\t\t\t<div class=\"thim-ekits-heading thim-ekit__heading\"><h2 class=\"title\">Notre Mission <\/h2>\t\t\t<div class='desc'>\n\t\t\t\t<p>Accompagner les entreprises dans l\u2019acquisition des comp\u00e9tences cl\u00e9s li\u00e9es aux grandes mutations technologiques, soci\u00e9tales, manag\u00e9riales et strat\u00e9giques.<br \/>Former, outiller et conseiller leurs \u00e9quipes pour relever les d\u00e9fis futurs du digital, de la conformit\u00e9, du leadership et de la performance durable.<\/p>\t\t\t<\/div>\n\t\t<\/div>\t\t\t\t<\/div>\n\t\t\t\t<\/div>\n\t\t\t\t<\/div>\n\t\t<div class=\"elementor-element elementor-element-5248b12 e-con-full animated-slow e-flex elementor-invisible e-con e-child\" data-id=\"5248b12\" data-element_type=\"container\" data-settings=\"{&quot;animation&quot;:&quot;ekit--slide-left&quot;}\">\n\t\t\t\t<div class=\"elementor-element elementor-element-c2ee771 elementor-widget elementor-widget-image\" data-id=\"c2ee771\" data-element_type=\"widget\" data-widget_type=\"image.default\">\n\t\t\t\t\t\t\t\t\t\t\t\t\t\t\t<img fetchpriority=\"high\" decoding=\"async\" width=\"640\" height=\"427\" src=\"https:\/\/next-skills.com\/wp-content\/uploads\/2025\/10\/homme-affaires-femme-affaires-cogner-poing-devant-batiment-entreprise-1024x683.jpg\" class=\"attachment-large size-large wp-image-14137\" alt=\"\" srcset=\"https:\/\/next-skills.com\/wp-content\/uploads\/2025\/10\/homme-affaires-femme-affaires-cogner-poing-devant-batiment-entreprise-1024x683.jpg 1024w, https:\/\/next-skills.com\/wp-content\/uploads\/2025\/10\/homme-affaires-femme-affaires-cogner-poing-devant-batiment-entreprise-300x200.jpg 300w, https:\/\/next-skills.com\/wp-content\/uploads\/2025\/10\/homme-affaires-femme-affaires-cogner-poing-devant-batiment-entreprise-768x512.jpg 768w, https:\/\/next-skills.com\/wp-content\/uploads\/2025\/10\/homme-affaires-femme-affaires-cogner-poing-devant-batiment-entreprise-1536x1024.jpg 1536w, https:\/\/next-skills.com\/wp-content\/uploads\/2025\/10\/homme-affaires-femme-affaires-cogner-poing-devant-batiment-entreprise-2048x1365.jpg 2048w, https:\/\/next-skills.com\/wp-content\/uploads\/2025\/10\/homme-affaires-femme-affaires-cogner-poing-devant-batiment-entreprise-600x400.jpg 600w\" sizes=\"(max-width: 640px) 100vw, 640px\" \/>\t\t\t\t\t\t\t\t\t\t\t\t\t\t\t<\/div>\n\t\t\t\t<\/div>\n\t\t\t\t\t<\/div>\n\t\t\t\t<\/div>\n\t\t\t\t\t<\/div>\n\t\t\t\t<\/div>\n\t\t<div class=\"elementor-element elementor-element-46f320d e-flex e-con-boxed e-con e-parent\" data-id=\"46f320d\" data-element_type=\"container\" data-settings=\"{&quot;background_background&quot;:&quot;classic&quot;}\">\n\t\t\t\t\t<div class=\"e-con-inner\">\n\t\t<div class=\"elementor-element elementor-element-7f655c3 e-flex e-con-boxed e-con e-child\" data-id=\"7f655c3\" data-element_type=\"container\">\n\t\t\t\t\t<div class=\"e-con-inner\">\n\t\t<div class=\"elementor-element elementor-element-32273e1 e-con-full animated-slow e-flex elementor-invisible e-con e-child\" data-id=\"32273e1\" data-element_type=\"container\" data-settings=\"{&quot;animation&quot;:&quot;ekit--slide-right&quot;}\">\n\t\t\t\t<div class=\"elementor-element elementor-element-b06f6df elementor-widget elementor-widget-image\" data-id=\"b06f6df\" data-element_type=\"widget\" data-widget_type=\"image.default\">\n\t\t\t\t\t\t\t\t\t\t\t\t\t\t\t<img decoding=\"async\" width=\"640\" height=\"427\" src=\"https:\/\/next-skills.com\/wp-content\/uploads\/2025\/10\/hommes-d-affaires-africains-se-serrant-la-main-1-1024x683.jpg\" class=\"attachment-large size-large wp-image-14130\" alt=\"\" srcset=\"https:\/\/next-skills.com\/wp-content\/uploads\/2025\/10\/hommes-d-affaires-africains-se-serrant-la-main-1-1024x683.jpg 1024w, https:\/\/next-skills.com\/wp-content\/uploads\/2025\/10\/hommes-d-affaires-africains-se-serrant-la-main-1-300x200.jpg 300w, https:\/\/next-skills.com\/wp-content\/uploads\/2025\/10\/hommes-d-affaires-africains-se-serrant-la-main-1-768x512.jpg 768w, https:\/\/next-skills.com\/wp-content\/uploads\/2025\/10\/hommes-d-affaires-africains-se-serrant-la-main-1-1536x1024.jpg 1536w, https:\/\/next-skills.com\/wp-content\/uploads\/2025\/10\/hommes-d-affaires-africains-se-serrant-la-main-1-2048x1365.jpg 2048w, https:\/\/next-skills.com\/wp-content\/uploads\/2025\/10\/hommes-d-affaires-africains-se-serrant-la-main-1-600x400.jpg 600w\" sizes=\"(max-width: 640px) 100vw, 640px\" \/>\t\t\t\t\t\t\t\t\t\t\t\t\t\t\t<\/div>\n\t\t\t\t<\/div>\n\t\t<div class=\"elementor-element elementor-element-27eb314 e-con-full animated-slow e-flex elementor-invisible e-con e-child\" data-id=\"27eb314\" data-element_type=\"container\" data-settings=\"{&quot;animation&quot;:&quot;ekit--slide-left&quot;}\">\n\t\t\t\t<div class=\"elementor-element elementor-element-0905e53 elementor-widget elementor-widget-thim-ekits-heading\" data-id=\"0905e53\" data-element_type=\"widget\" data-widget_type=\"thim-ekits-heading.default\">\n\t\t\t\t<div class=\"elementor-widget-container\">\n\t\t\t\t\t<div class=\"thim-ekits-heading thim-ekit__heading\"><h2 class=\"title\">Notre Vision<\/h2>\t\t\t<div class='desc'>\n\t\t\t\t<p>Devenir un partenaire de r\u00e9f\u00e9rence des entreprises pour former et d\u00e9velopper les comp\u00e9tences cl\u00e9s li\u00e9es aux transformations num\u00e9rique, humaine, \u00e9thique et strat\u00e9gique.<\/p>\t\t\t<\/div>\n\t\t<\/div>\t\t\t\t<\/div>\n\t\t\t\t<\/div>\n\t\t\t\t<\/div>\n\t\t\t\t\t<\/div>\n\t\t\t\t<\/div>\n\t\t\t\t\t<\/div>\n\t\t\t\t<\/div>\n\t\t<div class=\"elementor-element elementor-element-f2a5bf3 e-flex e-con-boxed e-con e-parent\" data-id=\"f2a5bf3\" data-element_type=\"container\" data-settings=\"{&quot;background_background&quot;:&quot;classic&quot;}\">\n\t\t\t\t\t<div class=\"e-con-inner\">\n\t\t<div class=\"elementor-element elementor-element-357c6f4 e-flex e-con-boxed e-con e-child\" data-id=\"357c6f4\" data-element_type=\"container\">\n\t\t\t\t\t<div class=\"e-con-inner\">\n\t\t<div class=\"elementor-element elementor-element-16dc6fa e-con-full animated-slow e-flex elementor-invisible e-con e-child\" data-id=\"16dc6fa\" data-element_type=\"container\" data-settings=\"{&quot;animation&quot;:&quot;ekit--slide-right&quot;}\">\n\t\t\t\t<div class=\"elementor-element elementor-element-b1374fe elementor-widget elementor-widget-thim-ekits-heading\" data-id=\"b1374fe\" data-element_type=\"widget\" data-widget_type=\"thim-ekits-heading.default\">\n\t\t\t\t<div class=\"elementor-widget-container\">\n\t\t\t\t\t<div class=\"thim-ekits-heading thim-ekit__heading\"><h2 class=\"title\">Nos valeurs<\/h2><\/div>\t\t\t\t<\/div>\n\t\t\t\t<\/div>\n\t\t\t\t<div class=\"elementor-element elementor-element-0069771 elementor-icon-list--layout-traditional elementor-list-item-link-full_width elementor-widget elementor-widget-icon-list\" data-id=\"0069771\" data-element_type=\"widget\" data-widget_type=\"icon-list.default\">\n\t\t\t\t\t\t\t<ul class=\"elementor-icon-list-items\">\n\t\t\t\t\t\t\t<li class=\"elementor-icon-list-item\">\n\t\t\t\t\t\t\t\t\t\t\t<span class=\"elementor-icon-list-icon\">\n\t\t\t\t\t\t\t<i aria-hidden=\"true\" class=\"fas fa-check\"><\/i>\t\t\t\t\t\t<\/span>\n\t\t\t\t\t\t\t\t\t\t<span class=\"elementor-icon-list-text\">Exigence<\/span>\n\t\t\t\t\t\t\t\t\t<\/li>\n\t\t\t\t\t\t<\/ul>\n\t\t\t\t\t\t<\/div>\n\t\t\t\t<div class=\"elementor-element elementor-element-4b30d56 elementor-widget elementor-widget-text-editor\" data-id=\"4b30d56\" data-element_type=\"widget\" data-widget_type=\"text-editor.default\">\n\t\t\t\t\t\t\t\t\t<p>Nous pr\u00f4nons l\u2019excellence dans la conception et le d\u00e9ploiement de chaque formation ou accompagnement, avec des standards \u00e9lev\u00e9s de rigueur, de pertinence et de qualit\u00e9.<\/p>\t\t\t\t\t\t\t\t<\/div>\n\t\t\t\t<div class=\"elementor-element elementor-element-198cf8e elementor-icon-list--layout-traditional elementor-list-item-link-full_width elementor-widget elementor-widget-icon-list\" data-id=\"198cf8e\" data-element_type=\"widget\" data-widget_type=\"icon-list.default\">\n\t\t\t\t\t\t\t<ul class=\"elementor-icon-list-items\">\n\t\t\t\t\t\t\t<li class=\"elementor-icon-list-item\">\n\t\t\t\t\t\t\t\t\t\t\t<span class=\"elementor-icon-list-icon\">\n\t\t\t\t\t\t\t<i aria-hidden=\"true\" class=\"fas fa-check\"><\/i>\t\t\t\t\t\t<\/span>\n\t\t\t\t\t\t\t\t\t\t<span class=\"elementor-icon-list-text\">Impact<\/span>\n\t\t\t\t\t\t\t\t\t<\/li>\n\t\t\t\t\t\t<\/ul>\n\t\t\t\t\t\t<\/div>\n\t\t\t\t<div class=\"elementor-element elementor-element-8e323e2 elementor-widget elementor-widget-text-editor\" data-id=\"8e323e2\" data-element_type=\"widget\" data-widget_type=\"text-editor.default\">\n\t\t\t\t\t\t\t\t\t<p>Notre approche vise des r\u00e9sultats concrets, mesurables et durables, tant pour les individus que pour les organisations. Apprendre doit transformer.<\/p>\t\t\t\t\t\t\t\t<\/div>\n\t\t\t\t<div class=\"elementor-element elementor-element-ad0556b elementor-icon-list--layout-traditional elementor-list-item-link-full_width elementor-widget elementor-widget-icon-list\" data-id=\"ad0556b\" data-element_type=\"widget\" data-widget_type=\"icon-list.default\">\n\t\t\t\t\t\t\t<ul class=\"elementor-icon-list-items\">\n\t\t\t\t\t\t\t<li class=\"elementor-icon-list-item\">\n\t\t\t\t\t\t\t\t\t\t\t<span class=\"elementor-icon-list-icon\">\n\t\t\t\t\t\t\t<i aria-hidden=\"true\" class=\"fas fa-check\"><\/i>\t\t\t\t\t\t<\/span>\n\t\t\t\t\t\t\t\t\t\t<span class=\"elementor-icon-list-text\">Engagement<\/span>\n\t\t\t\t\t\t\t\t\t<\/li>\n\t\t\t\t\t\t<\/ul>\n\t\t\t\t\t\t<\/div>\n\t\t\t\t<div class=\"elementor-element elementor-element-f72036f elementor-widget elementor-widget-text-editor\" data-id=\"f72036f\" data-element_type=\"widget\" data-widget_type=\"text-editor.default\">\n\t\t\t\t\t\t\t\t\t<p>Nous nous impliquons pleinement aux c\u00f4t\u00e9s de nos clients, avec \u00e9thique, responsabilit\u00e9 et une volont\u00e9 constante de contribuer positivement \u00e0 leur trajectoire.<\/p>\t\t\t\t\t\t\t\t<\/div>\n\t\t\t\t<\/div>\n\t\t<div class=\"elementor-element elementor-element-4413061 e-con-full animated-slow e-flex elementor-invisible e-con e-child\" data-id=\"4413061\" data-element_type=\"container\" data-settings=\"{&quot;animation&quot;:&quot;ekit--slide-left&quot;}\">\n\t\t\t\t<div class=\"elementor-element elementor-element-15e329c elementor-widget elementor-widget-image\" data-id=\"15e329c\" data-element_type=\"widget\" data-widget_type=\"image.default\">\n\t\t\t\t\t\t\t\t\t\t\t\t\t\t\t<img decoding=\"async\" width=\"640\" height=\"427\" src=\"https:\/\/next-skills.com\/wp-content\/uploads\/2025\/10\/homme-de-tir-moyen-travaillant-comme-avocat-1024x683.jpg\" class=\"attachment-large size-large wp-image-13915\" alt=\"\" srcset=\"https:\/\/next-skills.com\/wp-content\/uploads\/2025\/10\/homme-de-tir-moyen-travaillant-comme-avocat-1024x683.jpg 1024w, https:\/\/next-skills.com\/wp-content\/uploads\/2025\/10\/homme-de-tir-moyen-travaillant-comme-avocat-300x200.jpg 300w, https:\/\/next-skills.com\/wp-content\/uploads\/2025\/10\/homme-de-tir-moyen-travaillant-comme-avocat-768x512.jpg 768w, https:\/\/next-skills.com\/wp-content\/uploads\/2025\/10\/homme-de-tir-moyen-travaillant-comme-avocat-1536x1024.jpg 1536w, https:\/\/next-skills.com\/wp-content\/uploads\/2025\/10\/homme-de-tir-moyen-travaillant-comme-avocat-2048x1365.jpg 2048w, https:\/\/next-skills.com\/wp-content\/uploads\/2025\/10\/homme-de-tir-moyen-travaillant-comme-avocat-600x400.jpg 600w\" sizes=\"(max-width: 640px) 100vw, 640px\" \/>\t\t\t\t\t\t\t\t\t\t\t\t\t\t\t<\/div>\n\t\t\t\t<\/div>\n\t\t\t\t\t<\/div>\n\t\t\t\t<\/div>\n\t\t\t\t\t<\/div>\n\t\t\t\t<\/div>\n\t\t\t\t<section class=\"elementor-section elementor-top-section elementor-element elementor-element-90ce4c4 elementor-section-stretched elementor-section-boxed elementor-section-height-default elementor-section-height-default\" data-id=\"90ce4c4\" data-element_type=\"section\" data-settings=\"{&quot;stretch_section&quot;:&quot;section-stretched&quot;,&quot;background_background&quot;:&quot;classic&quot;}\">\n\t\t\t\t\t\t<div class=\"elementor-container elementor-column-gap-no\">\n\t\t\t\t\t<div class=\"elementor-column elementor-col-100 elementor-top-column elementor-element elementor-element-f88b7a9\" data-id=\"f88b7a9\" data-element_type=\"column\">\n\t\t\t<div class=\"elementor-widget-wrap elementor-element-populated\">\n\t\t\t\t\t\t<section class=\"elementor-section elementor-inner-section elementor-element elementor-element-e97f335 elementor-section-boxed elementor-section-height-default elementor-section-height-default\" data-id=\"e97f335\" data-element_type=\"section\">\n\t\t\t\t\t\t<div class=\"elementor-container elementor-column-gap-custom\">\n\t\t\t\t\t<div class=\"elementor-column elementor-col-100 elementor-inner-column elementor-element elementor-element-9a44600\" data-id=\"9a44600\" data-element_type=\"column\">\n\t\t\t<div class=\"elementor-widget-wrap elementor-element-populated\">\n\t\t\t\t\t\t<div class=\"elementor-element elementor-element-c5d12b7 elementor-widget elementor-widget-thim-ekits-heading\" data-id=\"c5d12b7\" data-element_type=\"widget\" data-widget_type=\"thim-ekits-heading.default\">\n\t\t\t\t<div class=\"elementor-widget-container\">\n\t\t\t\t\t<div class=\"thim-ekits-heading thim-ekit__heading\"><h2 class=\"title\">Pourquoi choisir Next Skills ?<\/h2><\/div>\t\t\t\t<\/div>\n\t\t\t\t<\/div>\n\t\t\t\t\t<\/div>\n\t\t<\/div>\n\t\t\t\t\t<\/div>\n\t\t<\/section>\n\t\t\t\t<section class=\"elementor-section elementor-inner-section elementor-element elementor-element-b3ad5d2 elementor-section-boxed elementor-section-height-default elementor-section-height-default\" data-id=\"b3ad5d2\" data-element_type=\"section\">\n\t\t\t\t\t\t<div class=\"elementor-container elementor-column-gap-custom\">\n\t\t\t\t\t<div class=\"elementor-column elementor-col-50 elementor-inner-column elementor-element elementor-element-9bde913\" data-id=\"9bde913\" data-element_type=\"column\">\n\t\t\t<div class=\"elementor-widget-wrap elementor-element-populated\">\n\t\t\t\t\t\t<div class=\"elementor-element elementor-element-9328057 elementor-widget elementor-widget-thim-ekits-icon-box\" data-id=\"9328057\" data-element_type=\"widget\" data-settings=\"{&quot;_animation&quot;:&quot;none&quot;}\" data-widget_type=\"thim-ekits-icon-box.default\">\n\t\t\t\t<div class=\"elementor-widget-container\">\n\t\t\t\t\t<div class=\"ekits-iconbox iconbox-top\"><div class=\"content-inner thim-ekits-heading\"><h4 class=\"title\">Approche p\u00e9dagogique ax\u00e9e sur les cas concrets<\/h4><p class=\"sub-heading\">Chez NEXT SKILLS, l\u2019apprentissage repose sur des situations r\u00e9elles rencontr\u00e9es par les entreprises. Chaque formation est construite autour d\u2019\u00e9tudes de cas, de simulations interactives et de mises en situation professionnelles, afin de garantir l\u2019application imm\u00e9diate des acquis sur le terrain.<\/p><\/div><\/div>\t\t\t\t<\/div>\n\t\t\t\t<\/div>\n\t\t\t\t<div class=\"elementor-element elementor-element-0960ee0 elementor-widget elementor-widget-thim-ekits-icon-box\" data-id=\"0960ee0\" data-element_type=\"widget\" data-widget_type=\"thim-ekits-icon-box.default\">\n\t\t\t\t<div class=\"elementor-widget-container\">\n\t\t\t\t\t<div class=\"ekits-iconbox iconbox-top\"><div class=\"content-inner thim-ekits-heading\"><h4 class=\"title\">Offre flexible (pr\u00e9sentiel, distanciel, hybride)<\/h4><p class=\"sub-heading\">Parce que chaque organisation a ses contraintes, nous proposons des formats vari\u00e9s : en salle, \u00e0 distance, ou en mode hybride. Cette flexibilit\u00e9 permet \u00e0 nos clients de suivre nos formations o\u00f9 qu\u2019ils soient, sans compromis sur la qualit\u00e9 p\u00e9dagogique.<\/p><\/div><\/div>\t\t\t\t<\/div>\n\t\t\t\t<\/div>\n\t\t\t\t\t<\/div>\n\t\t<\/div>\n\t\t\t\t<div class=\"elementor-column elementor-col-50 elementor-inner-column elementor-element elementor-element-90558c1\" data-id=\"90558c1\" data-element_type=\"column\">\n\t\t\t<div class=\"elementor-widget-wrap elementor-element-populated\">\n\t\t\t\t\t\t<div class=\"elementor-element elementor-element-12c9a11 elementor-widget-tablet__width-initial elementor-widget-mobile__width-inherit elementor-widget elementor-widget-thim-ekits-icon-box\" data-id=\"12c9a11\" data-element_type=\"widget\" data-widget_type=\"thim-ekits-icon-box.default\">\n\t\t\t\t<div class=\"elementor-widget-container\">\n\t\t\t\t\t<div class=\"ekits-iconbox iconbox-top\"><div class=\"content-inner thim-ekits-heading\"><h4 class=\"title\">Formateurs experts du terrain<\/h4><p class=\"sub-heading\">Nos formateurs sont avant tout des praticiens exp\u00e9riment\u00e9s : dirigeants, managers, consultants ou ing\u00e9nieurs, qui allient expertise m\u00e9tier et ma\u00eetrise p\u00e9dagogique. Leur double comp\u00e9tence assure des contenus actualis\u00e9s, ancr\u00e9s dans la r\u00e9alit\u00e9 des organisations.<\/p><\/div><\/div>\t\t\t\t<\/div>\n\t\t\t\t<\/div>\n\t\t\t\t<div class=\"elementor-element elementor-element-4f32a13 elementor-widget-tablet__width-initial elementor-widget-mobile__width-inherit elementor-widget elementor-widget-thim-ekits-icon-box\" data-id=\"4f32a13\" data-element_type=\"widget\" data-widget_type=\"thim-ekits-icon-box.default\">\n\t\t\t\t<div class=\"elementor-widget-container\">\n\t\t\t\t\t<div class=\"ekits-iconbox iconbox-top\"><div class=\"content-inner thim-ekits-heading\"><h4 class=\"title\">Suivi personnalis\u00e9 post-formation<\/h4><p class=\"sub-heading\">Notre accompagnement ne s\u2019arr\u00eate pas \u00e0 la fin du module. NEXT SKILLS propose un suivi individualis\u00e9 : coaching de mise en \u0153uvre, acc\u00e8s \u00e0 des ressources compl\u00e9mentaires, \u00e9valuation des progr\u00e8s, et disponibilit\u00e9 continue des formateurs. Ce suivi garantit un v\u00e9ritable ancrage des comp\u00e9tences dans la dur\u00e9e.<\/p><\/div><\/div>\t\t\t\t<\/div>\n\t\t\t\t<\/div>\n\t\t\t\t\t<\/div>\n\t\t<\/div>\n\t\t\t\t\t<\/div>\n\t\t<\/section>\n\t\t\t\t\t<\/div>\n\t\t<\/div>\n\t\t\t\t\t<\/div>\n\t\t<\/section>\n\t\t\t\t<\/div>\n\t\t","protected":false},"excerpt":{"rendered":"<p>\u00c0 propos de nous Next Skills est un cabinet de formation et de conseil sp\u00e9cialis\u00e9 dans le d\u00e9veloppement des comp\u00e9tences strat\u00e9giques pour les organisations qui souhaitent anticiper les transformations de demain. Nous pla\u00e7ons l\u2019intelligence humaine au c\u0153ur de notre action, [&hellip;]<\/p>\n","protected":false},"author":1,"featured_media":0,"parent":0,"menu_order":0,"comment_status":"closed","ping_status":"closed","template":"elementor_header_footer","meta":{"footnotes":""},"class_list":["post-12184","page","type-page","status-publish","hentry"],"_links":{"self":[{"href":"https:\/\/next-skills.com\/index.php\/wp-json\/wp\/v2\/pages\/12184","targetHints":{"allow":["GET"]}}],"collection":[{"href":"https:\/\/next-skills.com\/index.php\/wp-json\/wp\/v2\/pages"}],"about":[{"href":"https:\/\/next-skills.com\/index.php\/wp-json\/wp\/v2\/types\/page"}],"author":[{"embeddable":true,"href":"https:\/\/next-skills.com\/index.php\/wp-json\/wp\/v2\/users\/1"}],"replies":[{"embeddable":true,"href":"https:\/\/next-skills.com\/index.php\/wp-json\/wp\/v2\/comments?post=12184"}],"version-history":[{"count":73,"href":"https:\/\/next-skills.com\/index.php\/wp-json\/wp\/v2\/pages\/12184\/revisions"}],"predecessor-version":[{"id":14356,"href":"https:\/\/next-skills.com\/index.php\/wp-json\/wp\/v2\/pages\/12184\/revisions\/14356"}],"wp:attachment":[{"href":"https:\/\/next-skills.com\/index.php\/wp-json\/wp\/v2\/media?parent=12184"}],"curies":[{"name":"wp","href":"https:\/\/api.w.org\/{rel}","templated":true}]}}