{"id":11858,"date":"2024-02-24T07:27:59","date_gmt":"2024-02-24T07:27:59","guid":{"rendered":"https:\/\/coaching.thimpress.com\/business-coaching\/?page_id=11858"},"modified":"2025-11-24T17:14:06","modified_gmt":"2025-11-24T16:14:06","slug":"home-business","status":"publish","type":"page","link":"https:\/\/next-skills.com\/","title":{"rendered":"Home Business"},"content":{"rendered":"\t\t<div data-elementor-type=\"wp-page\" data-elementor-id=\"11858\" class=\"elementor elementor-11858\">\n\t\t\t\t<div class=\"elementor-element elementor-element-af229f7 e-flex e-con-boxed e-con e-parent\" data-id=\"af229f7\" data-element_type=\"container\">\n\t\t\t\t\t<div class=\"e-con-inner\">\n\t\t\t\t<div class=\"elementor-element elementor-element-56028bf elementor-widget elementor-widget-shortcode\" data-id=\"56028bf\" data-element_type=\"widget\" data-widget_type=\"shortcode.default\">\n\t\t\t\t\t\t\t<div class=\"elementor-shortcode\">\n\t\t\t\t<p class=\"rs-p-wp-fix\"><\/p>\n\t\t\t\t<sr7-module data-alias=\"slider-2\" data-id=\"1\" id=\"SR7_1_1\" class=\"rs-ov-hidden\" data-version=\"6.7.38\">\n\t\t\t\t\t<sr7-adjuster><\/sr7-adjuster>\n\t\t\t\t\t<sr7-content>\n\t\t\t\t\t\t<sr7-slide id=\"SR7_1_1-1\" data-key=\"1\">\n\t\t\t\t\t\t\t<sr7-bg id=\"SR7_1_1-1-4\" class=\"sr7-layer\"><noscript><img decoding=\"async\" src=\"https:\/\/next-skills.com\/wp-content\/uploads\/2025\/10\/efficacite.png\" alt=\"\" title=\"efficacit\u00e9\"><\/noscript><\/sr7-bg>\n\t\t\t\t\t\t\t<sr7-txt id=\"SR7_1_1-1-3\" class=\"sr7-layer\">L\u2019efficacit\u00e9 s\u2019apprend, <br>Il faut l\u2019apprendre<\/sr7-txt>\n\t\t\t\t\t\t<\/sr7-slide>\n\t\t\t\t\t\t<sr7-slide id=\"SR7_1_1-2\" data-key=\"2\">\n\t\t\t\t\t\t\t<sr7-bg id=\"SR7_1_1-2-1\" class=\"sr7-layer\"><noscript><img decoding=\"async\" src=\"https:\/\/next-skills.com\/wp-content\/uploads\/2025\/10\/AI-2.png\" alt=\"\" title=\"AI\"><\/noscript><\/sr7-bg>\n\t\t\t\t\t\t\t<sr7-txt id=\"SR7_1_1-2-0\" class=\"sr7-layer\">Le futur est digital, <br>ma\u00eetrisez-le d\u00e8s aujourd\u2019hui<\/sr7-txt>\n\t\t\t\t\t\t<\/sr7-slide>\n\t\t\t\t\t\t<sr7-slide id=\"SR7_1_1-4\" data-key=\"4\">\n\t\t\t\t\t\t\t<sr7-bg id=\"SR7_1_1-4-1\" class=\"sr7-layer\"><noscript><img decoding=\"async\" src=\"https:\/\/next-skills.com\/wp-content\/uploads\/2025\/10\/slide4.png\" alt=\"\" title=\"slide4\"><\/noscript><\/sr7-bg>\n\t\t\t\t\t\t\t<sr7-txt id=\"SR7_1_1-4-0\" class=\"sr7-layer\">La conformit\u00e9, une force strat\u00e9gique pour l\u2019entreprise <\/sr7-txt>\n\t\t\t\t\t\t<\/sr7-slide>\n\t\t\t\t\t\t<sr7-slide id=\"SR7_1_1-3\" data-key=\"3\">\n\t\t\t\t\t\t\t<sr7-bg id=\"SR7_1_1-3-1\" class=\"sr7-layer\"><noscript><img decoding=\"async\" src=\"https:\/\/next-skills.com\/wp-content\/uploads\/2025\/10\/RSE-1.png\" alt=\"\" title=\"RSE\"><\/noscript><\/sr7-bg>\n\t\t\t\t\t\t\t<sr7-txt id=\"SR7_1_1-3-0\" class=\"sr7-layer\">La RSE n\u2019est pas une option mais une vision strat\u00e9gique<\/sr7-txt>\n\t\t\t\t\t\t<\/sr7-slide>\n\t\t\t\t\t\t<sr7-slide id=\"SR7_1_1-6\" data-key=\"6\">\n\t\t\t\t\t\t\t<sr7-bg id=\"SR7_1_1-6-1\" class=\"sr7-layer\"><noscript><img decoding=\"async\" src=\"https:\/\/next-skills.com\/wp-content\/uploads\/2025\/10\/strategie-1.png\" alt=\"\" title=\"strat\u00e9gie\"><\/noscript><\/sr7-bg>\n\t\t\t\t\t\t\t<sr7-txt id=\"SR7_1_1-6-0\" class=\"sr7-layer\">Une bonne strat\u00e9gie commence par une bonne formation<\/sr7-txt>\n\t\t\t\t\t\t<\/sr7-slide>\n\t\t\t\t\t\t<sr7-slide id=\"SR7_1_1-7\" data-key=\"7\">\n\t\t\t\t\t\t\t<sr7-bg id=\"SR7_1_1-7-1\" class=\"sr7-layer\"><noscript><img decoding=\"async\" src=\"https:\/\/next-skills.com\/wp-content\/uploads\/2025\/10\/trans.png\" alt=\"\" title=\"trans\"><\/noscript><\/sr7-bg>\n\t\t\t\t\t\t\t<sr7-txt id=\"SR7_1_1-7-0\" class=\"sr7-layer\">La transformation commence avec ceux qui la portent<\/sr7-txt>\n\t\t\t\t\t\t<\/sr7-slide>\n\t\t\t\t\t\t<sr7-slide id=\"SR7_1_1-8\" data-key=\"8\">\n\t\t\t\t\t\t\t<sr7-bg id=\"SR7_1_1-8-1\" class=\"sr7-layer\"><noscript><img decoding=\"async\" src=\"https:\/\/next-skills.com\/wp-content\/uploads\/2025\/10\/homfem.png\" alt=\"\" title=\"hom&#038;fem\"><\/noscript><\/sr7-bg>\n\t\t\t\t\t\t\t<sr7-txt id=\"SR7_1_1-8-0\" class=\"sr7-layer\">Derri\u00e8re chaque grande performance, <br>il y a des femmes et des hommes bien form\u00e9s<\/sr7-txt>\n\t\t\t\t\t\t<\/sr7-slide>\n\t\t\t\t\t\t<sr7-slide id=\"SR7_1_1-5\" data-key=\"5\">\n\t\t\t\t\t\t<\/sr7-slide>\n\t\t\t\t\t<\/sr7-content>\n\t\t\t\t\t<image_lists style=\"display:none\">\n\t\t\t\t\t\t<img data-src=\"\/\/next-skills.com\/wp-content\/uploads\/2025\/10\/efficacite.png\" data-libid=\"13972\" data-lib=\"medialibrary\" title=\"efficacit\u00e9\" width=\"0\" height=\"0\" data-dbsrc=\"Ly9uZXh0LXNraWxscy5jb20vd3AtY29udGVudC91cGxvYWRzLzIwMjUvMTAvZWZmaWNhY2l0ZS5wbmc=\"\/>\n\t\t\t\t\t\t<img data-src=\"\/\/next-skills.com\/wp-content\/uploads\/2025\/10\/AI-2.png\" data-libid=\"14253\" data-lib=\"medialibrary\" title=\"AI\" width=\"0\" height=\"0\" data-dbsrc=\"Ly9uZXh0LXNraWxscy5jb20vd3AtY29udGVudC91cGxvYWRzLzIwMjUvMTAvQUktMi5wbmc=\"\/>\n\t\t\t\t\t\t<img data-src=\"\/\/next-skills.com\/wp-content\/uploads\/2025\/10\/RSE-1.png\" data-libid=\"13756\" data-lib=\"medialibrary\" title=\"RSE\" width=\"0\" height=\"0\" data-dbsrc=\"Ly9uZXh0LXNraWxscy5jb20vd3AtY29udGVudC91cGxvYWRzLzIwMjUvMTAvUlNFLTEucG5n\"\/>\n\t\t\t\t\t\t<img loading=\"lazy\" data-src=\"\/\/next-skills.com\/wp-content\/uploads\/2025\/10\/slide4.png\" data-libid=\"13458\" data-lib=\"medialibrary\" title=\"slide4\" width=\"0\" height=\"0\" data-dbsrc=\"Ly9uZXh0LXNraWxscy5jb20vd3AtY29udGVudC91cGxvYWRzLzIwMjUvMTAvc2xpZGU0LnBuZw==\"\/>\n\t\t\t\t\t\t<img loading=\"lazy\" data-src=\"\/\/next-skills.com\/wp-content\/uploads\/2025\/10\/strategie-1.png\" data-libid=\"13758\" data-lib=\"medialibrary\" title=\"strat\u00e9gie\" width=\"0\" height=\"0\" data-dbsrc=\"Ly9uZXh0LXNraWxscy5jb20vd3AtY29udGVudC91cGxvYWRzLzIwMjUvMTAvc3RyYXRlZ2llLTEucG5n\"\/>\n\t\t\t\t\t\t<img loading=\"lazy\" data-src=\"\/\/next-skills.com\/wp-content\/uploads\/2025\/10\/trans.png\" data-libid=\"13759\" data-lib=\"medialibrary\" title=\"trans\" width=\"0\" height=\"0\" data-dbsrc=\"Ly9uZXh0LXNraWxscy5jb20vd3AtY29udGVudC91cGxvYWRzLzIwMjUvMTAvdHJhbnMucG5n\"\/>\n\t\t\t\t\t\t<img loading=\"lazy\" data-src=\"\/\/next-skills.com\/wp-content\/uploads\/2025\/10\/homfem.png\" data-libid=\"13461\" data-lib=\"medialibrary\" title=\"hom&#038;fem\" width=\"0\" height=\"0\" data-dbsrc=\"Ly9uZXh0LXNraWxscy5jb20vd3AtY29udGVudC91cGxvYWRzLzIwMjUvMTAvaG9tZmVtLnBuZw==\"\/>\n\t\t\t\t\t<\/image_lists>\n\t\t\t\t<\/sr7-module>\n\t\t\t\t<script>\n\t\t\t\t\tSR7.PMH ??={}; SR7.PMH[\"SR7_1_1\"] = {cn:100,state:false,fn: function() { if (_tpt!==undefined && _tpt.prepareModuleHeight !== undefined) {  _tpt.prepareModuleHeight({id:\"SR7_1_1\",el:[490,490,650,550,375],type:'standard',shdw:'0',gh:[490,490,650,550,375],gw:[1200,1200,1024,778,480],vpt:['-100px&#039;,&#039;-100px&#039;,&#039;-100px&#039;,&#039;-100px&#039;,&#039;-100px'],size:{fullWidth:true, fullHeight:false},mh:'0',onh:0,onw:0,bg:{color:'{\"orig\":\"transparent\",\"type\":\"solid\",\"string\":\"transparent\"}'},plType:'0',plColor:'#FFFFFF'});   SR7.PMH[\"SR7_1_1\"].state=true;} else if(SR7.PMH[\"SR7_1_1\"].cn-->0)\tsetTimeout( SR7.PMH[\"SR7_1_1\"].fn,19);}};SR7.PMH[\"SR7_1_1\" ].fn();\n\t\t\t\t<\/script>\n<\/div>\n\t\t\t\t\t\t<\/div>\n\t\t\t\t\t<\/div>\n\t\t\t\t<\/div>\n\t\t<div class=\"elementor-element elementor-element-6179b93 e-con-full e-flex e-con e-parent\" data-id=\"6179b93\" data-element_type=\"container\">\n\t\t<div class=\"elementor-element elementor-element-a0e5603 e-flex e-con-boxed e-con e-child\" data-id=\"a0e5603\" data-element_type=\"container\">\n\t\t\t\t\t<div class=\"e-con-inner\">\n\t\t<div class=\"elementor-element elementor-element-1b5ee3c e-con-full animated-slow e-flex elementor-invisible e-con e-child\" data-id=\"1b5ee3c\" data-element_type=\"container\" data-settings=\"{&quot;animation&quot;:&quot;ekit--slide-right&quot;}\">\n\t\t\t\t<div class=\"elementor-element elementor-element-78db957 elementor-widget elementor-widget-image\" data-id=\"78db957\" data-element_type=\"widget\" data-widget_type=\"image.default\">\n\t\t\t\t\t\t\t\t\t\t\t\t\t\t\t<img loading=\"lazy\" decoding=\"async\" width=\"2457\" height=\"1566\" src=\"https:\/\/next-skills.com\/wp-content\/uploads\/2025\/10\/dl.beatsnoop.com-3000-hadEukA417.jpg\" class=\"attachment-full size-full wp-image-13976\" alt=\"\" srcset=\"https:\/\/next-skills.com\/wp-content\/uploads\/2025\/10\/dl.beatsnoop.com-3000-hadEukA417.jpg 2457w, https:\/\/next-skills.com\/wp-content\/uploads\/2025\/10\/dl.beatsnoop.com-3000-hadEukA417-300x191.jpg 300w, https:\/\/next-skills.com\/wp-content\/uploads\/2025\/10\/dl.beatsnoop.com-3000-hadEukA417-1024x653.jpg 1024w, https:\/\/next-skills.com\/wp-content\/uploads\/2025\/10\/dl.beatsnoop.com-3000-hadEukA417-768x489.jpg 768w, https:\/\/next-skills.com\/wp-content\/uploads\/2025\/10\/dl.beatsnoop.com-3000-hadEukA417-1536x979.jpg 1536w, https:\/\/next-skills.com\/wp-content\/uploads\/2025\/10\/dl.beatsnoop.com-3000-hadEukA417-2048x1305.jpg 2048w, https:\/\/next-skills.com\/wp-content\/uploads\/2025\/10\/dl.beatsnoop.com-3000-hadEukA417-600x382.jpg 600w\" sizes=\"(max-width: 2457px) 100vw, 2457px\" \/>\t\t\t\t\t\t\t\t\t\t\t\t\t\t\t<\/div>\n\t\t\t\t<\/div>\n\t\t<div class=\"elementor-element elementor-element-339fd49 e-con-full animated-slow e-flex elementor-invisible e-con e-child\" data-id=\"339fd49\" data-element_type=\"container\" data-settings=\"{&quot;animation&quot;:&quot;ekit--slide-left&quot;}\">\n\t\t\t\t<div class=\"elementor-element elementor-element-676f0dc elementor-widget elementor-widget-thim-ekits-heading\" data-id=\"676f0dc\" data-element_type=\"widget\" data-widget_type=\"thim-ekits-heading.default\">\n\t\t\t\t<div class=\"elementor-widget-container\">\n\t\t\t\t\t<div class=\"thim-ekits-heading thim-ekit__heading\"><h2 class=\"title\">Pr\u00e9sentation<\/h2>\t\t\t<div class='desc'>\n\t\t\t\t<p><em>NEXT SKILLS est un cabinet de formation et de conseil sp\u00e9cialis\u00e9 dans l\u2019accompagnement des entreprises et des talents en mati\u00e8re de strat\u00e9gie, de Ressources Humaines, de digitalisation et de responsabilit\u00e9 soci\u00e9tale.<\/em><\/p>\t\t\t<\/div>\n\t\t<\/div>\t\t\t\t<\/div>\n\t\t\t\t<\/div>\n\t\t\t\t<\/div>\n\t\t\t\t\t<\/div>\n\t\t\t\t<\/div>\n\t\t<div class=\"elementor-element elementor-element-2ae635b e-flex e-con-boxed e-con e-child\" data-id=\"2ae635b\" data-element_type=\"container\">\n\t\t\t\t\t<div class=\"e-con-inner\">\n\t\t\t\t<div class=\"elementor-element elementor-element-f33ae41 animated-slow elementor-widget__width-initial elementor-invisible elementor-widget elementor-widget-counter\" data-id=\"f33ae41\" data-element_type=\"widget\" data-settings=\"{&quot;_animation&quot;:&quot;ekit--slide-up&quot;}\" data-widget_type=\"counter.default\">\n\t\t\t\t\t\t\t<div class=\"elementor-counter\">\n\t\t\t<div class=\"elementor-counter-title\">modules disponibles<\/div>\t\t\t<div class=\"elementor-counter-number-wrapper\">\n\t\t\t\t<span class=\"elementor-counter-number-prefix\">+<\/span>\n\t\t\t\t<span class=\"elementor-counter-number\" data-duration=\"2000\" data-to-value=\"50\" data-from-value=\"0\" data-delimiter=\",\">0<\/span>\n\t\t\t\t<span class=\"elementor-counter-number-suffix\"><\/span>\n\t\t\t<\/div>\n\t\t<\/div>\n\t\t\t\t\t\t<\/div>\n\t\t\t\t<div class=\"elementor-element elementor-element-ce4d14b animated-slow elementor-widget__width-initial elementor-invisible elementor-widget elementor-widget-counter\" data-id=\"ce4d14b\" data-element_type=\"widget\" data-settings=\"{&quot;_animation&quot;:&quot;ekit--slide-up&quot;}\" data-widget_type=\"counter.default\">\n\t\t\t\t\t\t\t<div class=\"elementor-counter\">\n\t\t\t<div class=\"elementor-counter-title\">domaines majeurs d\u2019expertise<\/div>\t\t\t<div class=\"elementor-counter-number-wrapper\">\n\t\t\t\t<span class=\"elementor-counter-number-prefix\"><\/span>\n\t\t\t\t<span class=\"elementor-counter-number\" data-duration=\"2000\" data-to-value=\"4\" data-from-value=\"0\" data-delimiter=\",\">0<\/span>\n\t\t\t\t<span class=\"elementor-counter-number-suffix\"><\/span>\n\t\t\t<\/div>\n\t\t<\/div>\n\t\t\t\t\t\t<\/div>\n\t\t\t\t<div class=\"elementor-element elementor-element-aed349a animated-slow elementor-widget__width-initial elementor-invisible elementor-widget elementor-widget-counter\" data-id=\"aed349a\" data-element_type=\"widget\" data-settings=\"{&quot;_animation&quot;:&quot;ekit--slide-up&quot;}\" data-widget_type=\"counter.default\">\n\t\t\t\t\t\t\t<div class=\"elementor-counter\">\n\t\t\t<div class=\"elementor-counter-title\">entreprises accompagn\u00e9es<\/div>\t\t\t<div class=\"elementor-counter-number-wrapper\">\n\t\t\t\t<span class=\"elementor-counter-number-prefix\">+<\/span>\n\t\t\t\t<span class=\"elementor-counter-number\" data-duration=\"2000\" data-to-value=\"30\" data-from-value=\"0\" data-delimiter=\",\">0<\/span>\n\t\t\t\t<span class=\"elementor-counter-number-suffix\"><\/span>\n\t\t\t<\/div>\n\t\t<\/div>\n\t\t\t\t\t\t<\/div>\n\t\t\t\t\t<\/div>\n\t\t\t\t<\/div>\n\t\t\t\t<\/div>\n\t\t<div class=\"elementor-element elementor-element-0b4e748 e-flex e-con-boxed e-con e-parent\" data-id=\"0b4e748\" data-element_type=\"container\" data-settings=\"{&quot;background_background&quot;:&quot;classic&quot;}\">\n\t\t\t\t\t<div class=\"e-con-inner\">\n\t\t\t\t<div class=\"elementor-element elementor-element-fe654b7 elementor-widget elementor-widget-thim-ekits-heading\" data-id=\"fe654b7\" data-element_type=\"widget\" data-widget_type=\"thim-ekits-heading.default\">\n\t\t\t\t<div class=\"elementor-widget-container\">\n\t\t\t\t\t<div class=\"thim-ekits-heading thim-ekit__heading\"><h6 class=\"sub-heading\">Testiomonials<\/h6><h2 class=\"title\">Ils parlent de nous<\/h2><\/div>\t\t\t\t<\/div>\n\t\t\t\t<\/div>\n\t\t\t\t<div class=\"elementor-element elementor-element-6242a7f animated-slow elementor-invisible elementor-widget elementor-widget-thim-ekits-testimonial\" data-id=\"6242a7f\" data-element_type=\"widget\" data-settings=\"{&quot;slider_loop&quot;:&quot;yes&quot;,&quot;_animation&quot;:&quot;ekit--slide-up&quot;,&quot;slidesPerGroup&quot;:1,&quot;slider_show_pagination&quot;:&quot;bullets&quot;,&quot;slidesPerView&quot;:3,&quot;spaceBetween&quot;:30,&quot;slider_speed&quot;:1000,&quot;centered_slides&quot;:&quot;no&quot;}\" data-widget_type=\"thim-ekits-testimonial.default\">\n\t\t\t\t<div class=\"elementor-widget-container\">\n\t\t\t\t\t\t\t\t<div\n\t\t\t\tclass=\"thim-slider-pagination thim-bullets\"><\/div>\n\t\t\n\t\t\t\t<div\n\t\t\tclass=\"thim-ekits-testimonial__inner thim-ekits-sliders swiper-container\">\n\t\t\t<div class=\"thim-ekits-testimonial__content swiper-wrapper\">\n\t\t\t\t\t\t\t\t\t<div class=\"thim-ekits-testimonial__article-avatar-left_client_name swiper-slide\">\n\t\t\t\t\t\t\t\t\t\t\t\t<div class=\"thim-ekits-testimonial__inner_client\">\n\t\t\t\t\t\t\t\t\t\t<div class=\"thim-ekits-testimonial__client-content\">\n\t\t\t\t<p>\"Gr\u00e2ce \u00e0 Next Skills, j\u2019ai pu reprendre confiance en moi et d\u00e9velopper des comp\u00e9tences concr\u00e8tes pour mon travail. Les cours sont clairs, progressifs et surtout tr\u00e8s pratiques. Aujourd\u2019hui, j\u2019ai obtenu une promotion dans mon entreprise !\"<\/p>\t\t\t<\/div>\n\t\t\t\t\n\t\t\t\t\t\t\t\t\t\t\t\t\t\t<div class=\"wrapper-client-info\">\n\t\t\t\t\t\t\t\t\t\t\t<div class=\"thim-ekits-testimonial__avatar \">\n\t\t\t\t<div class=\"thim-ekits-testimonial__image\">\n\t\t\t\t\t<img decoding=\"async\" src=\"https:\/\/next-skills.com\/wp-content\/uploads\/2025\/10\/testi3-94x97.png\" title=\"testi3\" alt=\"testi3\" loading=\"lazy\" \/>\t\t\t\t<\/div>\n\t\t\t<\/div>\n\t\t\t\t\t\t\t\t\t\t\t\t\t\t\t\t\t\t\t<div class=\"thim-ekits-testimonial__client-info\">\n\t\t\t\t\t\t\t\t\t<p class=\"thim-ekits-testimonial__name\">Marie K.<\/p>\t\t\t\t\t\t\t\t\t<div class=\"thim-ekits-testimonial__position\" >Assistante de direction<\/div>\t\t\t\t\t\t\t\t<\/div>\n\t\t\t\t\t\t\t\t\t\t\t\t\t\t\t<\/div>\n\t\t\t\t\t\t\n\t\t\t\t\t\t\t\t\t\t\t\t\t<\/div>\n\t\t\t\t\t\t\t\t\t\t\t<\/div>\n\t\t\t\t\t\t\t\t\t<div class=\"thim-ekits-testimonial__article-avatar-left_client_name swiper-slide\">\n\t\t\t\t\t\t\t\t\t\t\t\t<div class=\"thim-ekits-testimonial__inner_client\">\n\t\t\t\t\t\t\t\t\t\t<div class=\"thim-ekits-testimonial__client-content\">\n\t\t\t\t<p>\"Je cherchais depuis longtemps une formation simple et efficace pour me lancer dans le marketing digital. Next Skills m\u2019a permis d\u2019apprendre \u00e0 mon rythme, avec des exemples concrets et un suivi personnalis\u00e9. R\u00e9sultat : j\u2019ai r\u00e9ussi \u00e0 lancer ma premi\u00e8re campagne publicitaire rentable !\"<\/p>\t\t\t<\/div>\n\t\t\t\t\n\t\t\t\t\t\t\t\t\t\t\t\t\t\t<div class=\"wrapper-client-info\">\n\t\t\t\t\t\t\t\t\t\t\t<div class=\"thim-ekits-testimonial__avatar \">\n\t\t\t\t<div class=\"thim-ekits-testimonial__image\">\n\t\t\t\t\t<img decoding=\"async\" src=\"https:\/\/next-skills.com\/wp-content\/uploads\/2025\/10\/testi2-94x97.png\" title=\"testi2\" alt=\"testi2\" loading=\"lazy\" \/>\t\t\t\t<\/div>\n\t\t\t<\/div>\n\t\t\t\t\t\t\t\t\t\t\t\t\t\t\t\t\t\t\t<div class=\"thim-ekits-testimonial__client-info\">\n\t\t\t\t\t\t\t\t\t<p class=\"thim-ekits-testimonial__name\">Koffi A.<\/p>\t\t\t\t\t\t\t\t\t<div class=\"thim-ekits-testimonial__position\" >Entrepreneur<\/div>\t\t\t\t\t\t\t\t<\/div>\n\t\t\t\t\t\t\t\t\t\t\t\t\t\t\t<\/div>\n\t\t\t\t\t\t\n\t\t\t\t\t\t\t\t\t\t\t\t\t<\/div>\n\t\t\t\t\t\t\t\t\t\t\t<\/div>\n\t\t\t\t\t\t\t\t\t<div class=\"thim-ekits-testimonial__article-avatar-left_client_name swiper-slide\">\n\t\t\t\t\t\t\t\t\t\t\t\t<div class=\"thim-ekits-testimonial__inner_client\">\n\t\t\t\t\t\t\t\t\t\t<div class=\"thim-ekits-testimonial__client-content\">\n\t\t\t\t<p>\u201cLa formation que j\u2019ai suivie sur Next Skills est reconnue et m\u2019a permis d\u2019obtenir un certificat que j\u2019ai ajout\u00e9 \u00e0 mon CV. Cela m\u2019a beaucoup aid\u00e9 lors de mes entretiens. Je recommande \u00e0 100 % !\u201d<\/p>\t\t\t<\/div>\n\t\t\t\t\n\t\t\t\t\t\t\t\t\t\t\t\t\t\t<div class=\"wrapper-client-info\">\n\t\t\t\t\t\t\t\t\t\t\t<div class=\"thim-ekits-testimonial__avatar \">\n\t\t\t\t<div class=\"thim-ekits-testimonial__image\">\n\t\t\t\t\t<img decoding=\"async\" src=\"https:\/\/next-skills.com\/wp-content\/uploads\/2025\/10\/testi1-94x97.png\" title=\"testi1\" alt=\"testi1\" loading=\"lazy\" \/>\t\t\t\t<\/div>\n\t\t\t<\/div>\n\t\t\t\t\t\t\t\t\t\t\t\t\t\t\t\t\t\t\t<div class=\"thim-ekits-testimonial__client-info\">\n\t\t\t\t\t\t\t\t\t<p class=\"thim-ekits-testimonial__name\">Fatou B.<\/p>\t\t\t\t\t\t\t\t\t<div class=\"thim-ekits-testimonial__position\" >Charg\u00e9e de communication<\/div>\t\t\t\t\t\t\t\t<\/div>\n\t\t\t\t\t\t\t\t\t\t\t\t\t\t\t<\/div>\n\t\t\t\t\t\t\n\t\t\t\t\t\t\t\t\t\t\t\t\t<\/div>\n\t\t\t\t\t\t\t\t\t\t\t<\/div>\n\t\t\t\t\t\t\t<\/div>\n\t\t<\/div>\n\n\t\t\t\t\t\t<\/div>\n\t\t\t\t<\/div>\n\t\t\t\t\t<\/div>\n\t\t\t\t<\/div>\n\t\t<div class=\"elementor-element elementor-element-5ac1814 e-flex e-con-boxed e-con e-parent\" data-id=\"5ac1814\" data-element_type=\"container\" data-settings=\"{&quot;background_background&quot;:&quot;classic&quot;}\">\n\t\t\t\t\t<div class=\"e-con-inner\">\n\t\t<div class=\"elementor-element elementor-element-15dc18e e-con-full e-flex e-con e-child\" data-id=\"15dc18e\" data-element_type=\"container\">\n\t\t\t\t<div class=\"elementor-element elementor-element-ad7b9a3 elementor-widget elementor-widget-image\" data-id=\"ad7b9a3\" data-element_type=\"widget\" data-widget_type=\"image.default\">\n\t\t\t\t\t\t\t\t\t\t\t\t\t\t\t\t<a href=\"https:\/\/next-skills.com\/index.php\/biographie\/\">\n\t\t\t\t\t\t\t<img loading=\"lazy\" decoding=\"async\" width=\"640\" height=\"960\" src=\"https:\/\/next-skills.com\/wp-content\/uploads\/2025\/11\/Mme-Dosso-copie-683x1024.jpg\" class=\"attachment-large size-large wp-image-14483\" alt=\"\" srcset=\"https:\/\/next-skills.com\/wp-content\/uploads\/2025\/11\/Mme-Dosso-copie-683x1024.jpg 683w, https:\/\/next-skills.com\/wp-content\/uploads\/2025\/11\/Mme-Dosso-copie-200x300.jpg 200w, https:\/\/next-skills.com\/wp-content\/uploads\/2025\/11\/Mme-Dosso-copie-768x1152.jpg 768w, https:\/\/next-skills.com\/wp-content\/uploads\/2025\/11\/Mme-Dosso-copie-600x900.jpg 600w, https:\/\/next-skills.com\/wp-content\/uploads\/2025\/11\/Mme-Dosso-copie.jpg 832w\" sizes=\"(max-width: 640px) 100vw, 640px\" \/>\t\t\t\t\t\t\t\t<\/a>\n\t\t\t\t\t\t\t\t\t\t\t\t\t\t\t<\/div>\n\t\t\t\t<div class=\"elementor-element elementor-element-7b7b7ab elementor-widget elementor-widget-text-editor\" data-id=\"7b7b7ab\" data-element_type=\"widget\" data-widget_type=\"text-editor.default\">\n\t\t\t\t\t\t\t\t\t<h4><strong>Madame Mariam DOSSO<\/strong><\/h4><p><em>Directrice G\u00e9n\u00e9rale<\/em><\/p>\t\t\t\t\t\t\t\t<\/div>\n\t\t\t\t<\/div>\n\t\t<div class=\"elementor-element elementor-element-f9dbd76 e-con-full e-flex e-con e-child\" data-id=\"f9dbd76\" data-element_type=\"container\">\n\t\t\t\t<div class=\"elementor-element elementor-element-fce4aa0 elementor-widget elementor-widget-thim-ekits-heading\" data-id=\"fce4aa0\" data-element_type=\"widget\" data-widget_type=\"thim-ekits-heading.default\">\n\t\t\t\t<div class=\"elementor-widget-container\">\n\t\t\t\t\t<div class=\"thim-ekits-heading thim-ekit__heading\"><h2 class=\"title\">Mot de la Directrice G\u00e9n\u00e9rale<\/h2><\/div>\t\t\t\t<\/div>\n\t\t\t\t<\/div>\n\t\t\t\t<div class=\"elementor-element elementor-element-6eb3c6b elementor-widget elementor-widget-text-editor\" data-id=\"6eb3c6b\" data-element_type=\"widget\" data-widget_type=\"text-editor.default\">\n\t\t\t\t\t\t\t\t\t<p>Assumer aujourd\u2019hui la Direction G\u00e9n\u00e9rale de NEXT SKILLS est un honneur et une responsabilit\u00e9 port\u00e9e avec conviction. Apr\u00e8s plus de vingt ann\u00e9es d\u2019exp\u00e9rience consacr\u00e9es \u00e0 la communication, au leadership, \u00e0 la formation et \u00e0 l\u2019accompagnement des organisations, je suis profond\u00e9ment consciente que la comp\u00e9tence n\u2019est pas seulement un outil : c\u2019est un pouvoir. Un pouvoir qui transforme les \u00e9quipes, renforce les organisations et pr\u00e9pare durablement l\u2019avenir.<\/p><p>NEXT SKILLS est n\u00e9 d\u2019une ambition claire : offrir aux entreprises et aux institutions des solutions de formation r\u00e9ellement utiles, rigoureuses et adapt\u00e9es \u00e0 leurs r\u00e9alit\u00e9s. Notre r\u00f4le n\u2019est pas de former pour former, mais d\u2019accompagner nos clients l\u00e0 o\u00f9 se construisent leurs enjeux strat\u00e9giques : le management, la performance collective, le d\u00e9veloppement des talents, la transformation humaine et organisationnelle.<\/p><p>Dans un monde o\u00f9 les m\u00e9tiers \u00e9voluent rapidement et o\u00f9 l\u2019exigence de performance s\u2019intensifie, nous pla\u00e7ons nos clients au c\u0153ur de tout ce que nous entreprenons. Leur progression, leur mont\u00e9e en comp\u00e9tences, leur capacit\u00e9 \u00e0 anticiper et \u00e0 se transformer durablement sont nos priorit\u00e9s absolues.<\/p><p>Je crois profond\u00e9ment que la comp\u00e9tence change les destins. Cette conviction guide chacune de nos actions. Chez NEXT SKILLS, notre priorit\u00e9 est de permettre \u00e0 nos clients entreprises, institutions et organisations de progresser, de s\u2019\u00e9lever et de se transformer durablement. Nous nous engageons \u00e0 leur offrir des solutions de formation et de gestion de comp\u00e9tences utiles, pertinentes et adapt\u00e9es, afin qu\u2019ils puissent renforcer leurs \u00e9quipes, r\u00e9v\u00e9ler leurs talents et fa\u00e7onner leur propre avenir avec confiance et excellence.<\/p><p>Avec les formateurs, les consultants, les partenaires et toutes les expertises qui composent NEXT SKILLS, nous \u0153uvrerons chaque jour pour offrir un environnement d\u2019apprentissage exigeant, stimulant et tourn\u00e9 vers l\u2019impact. Ensemble, nous accompagnerons nos clients dans la construction d\u2019organisations plus performantes, plus responsables et mieux arm\u00e9es pour les d\u00e9fis \u00e0 venir.<\/p><p>Je vous remercie pour votre confiance, et vous souhaite la bienvenue dans l\u2019univers NEXT SKILLS.<\/p><p><strong>Apprendre \u00e0 fa\u00e7onner demain.<\/strong><\/p>\t\t\t\t\t\t\t\t<\/div>\n\t\t\t\t<\/div>\n\t\t\t\t\t<\/div>\n\t\t\t\t<\/div>\n\t\t<div class=\"elementor-element elementor-element-f2fb218 e-flex e-con-boxed e-con e-parent\" data-id=\"f2fb218\" data-element_type=\"container\" data-settings=\"{&quot;background_background&quot;:&quot;classic&quot;}\">\n\t\t\t\t\t<div class=\"e-con-inner\">\n\t\t\t\t<div class=\"elementor-element elementor-element-bf68fb8 animated-slow elementor-invisible elementor-widget elementor-widget-thim-ekits-heading\" data-id=\"bf68fb8\" data-element_type=\"widget\" data-settings=\"{&quot;_animation&quot;:&quot;slideInUp&quot;}\" data-widget_type=\"thim-ekits-heading.default\">\n\t\t\t\t<div class=\"elementor-widget-container\">\n\t\t\t\t\t<div class=\"thim-ekits-heading thim-ekit__heading\"><h2 class=\"title\">Besoin d\u2019un accompagnement sur mesure ? <\/h2><\/div>\t\t\t\t<\/div>\n\t\t\t\t<\/div>\n\t\t\t\t<div class=\"elementor-element elementor-element-641c588 animated-slow elementor-invisible elementor-widget elementor-widget-thim-ekits-button\" data-id=\"641c588\" data-element_type=\"widget\" data-settings=\"{&quot;_animation&quot;:&quot;slideInUp&quot;}\" data-widget_type=\"thim-ekits-button.default\">\n\t\t\t\t<div class=\"elementor-widget-container\">\n\t\t\t\t\t\n\t\t<div class=\"thim-ekits-button\">\n\t\t\t<a href=\"https:\/\/next-skills.com\/index.php\/contact\/#form\" role=\"button\">\n\t\t\t\t<span class=\"button-content-wrapper\">\n\t\t\t\t\tContactez-nous \t\t\t\t<\/span>\n\t\t\t<\/a>\n\t\t<\/div>\n\n\t\t\t\t\t\t<\/div>\n\t\t\t\t<\/div>\n\t\t\t\t\t<\/div>\n\t\t\t\t<\/div>\n\t\t\t\t<\/div>\n\t\t","protected":false},"excerpt":{"rendered":"<p>Pr\u00e9sentation NEXT SKILLS est un cabinet de formation et de conseil sp\u00e9cialis\u00e9 dans l\u2019accompagnement des entreprises et des talents en mati\u00e8re de strat\u00e9gie, de Ressources Humaines, de digitalisation et de responsabilit\u00e9 soci\u00e9tale. modules disponibles + 0 domaines majeurs d\u2019expertise 0 [&hellip;]<\/p>\n","protected":false},"author":1,"featured_media":0,"parent":0,"menu_order":0,"comment_status":"closed","ping_status":"closed","template":"elementor_header_footer","meta":{"footnotes":""},"class_list":["post-11858","page","type-page","status-publish","hentry"],"_links":{"self":[{"href":"https:\/\/next-skills.com\/index.php\/wp-json\/wp\/v2\/pages\/11858","targetHints":{"allow":["GET"]}}],"collection":[{"href":"https:\/\/next-skills.com\/index.php\/wp-json\/wp\/v2\/pages"}],"about":[{"href":"https:\/\/next-skills.com\/index.php\/wp-json\/wp\/v2\/types\/page"}],"author":[{"embeddable":true,"href":"https:\/\/next-skills.com\/index.php\/wp-json\/wp\/v2\/users\/1"}],"replies":[{"embeddable":true,"href":"https:\/\/next-skills.com\/index.php\/wp-json\/wp\/v2\/comments?post=11858"}],"version-history":[{"count":174,"href":"https:\/\/next-skills.com\/index.php\/wp-json\/wp\/v2\/pages\/11858\/revisions"}],"predecessor-version":[{"id":14523,"href":"https:\/\/next-skills.com\/index.php\/wp-json\/wp\/v2\/pages\/11858\/revisions\/14523"}],"wp:attachment":[{"href":"https:\/\/next-skills.com\/index.php\/wp-json\/wp\/v2\/media?parent=11858"}],"curies":[{"name":"wp","href":"https:\/\/api.w.org\/{rel}","templated":true}]}}